{"id":43,"date":"2021-04-13T14:57:39","date_gmt":"2021-04-13T14:57:39","guid":{"rendered":"https:\/\/interaudit.com.br\/?page_id=43"},"modified":"2021-05-13T01:45:17","modified_gmt":"2021-05-13T01:45:17","slug":"escrita-fiscal","status":"publish","type":"page","link":"https:\/\/interaudit.com.br\/index.php\/escrita-fiscal\/","title":{"rendered":"Escrita Fiscal"},"content":{"rendered":"\t\t<div data-elementor-type=\"wp-page\" data-elementor-id=\"43\" class=\"elementor elementor-43\" data-elementor-settings=\"[]\">\n\t\t\t\t\t\t\t<div class=\"elementor-section-wrap\">\n\t\t\t\t\t\t\t<section class=\"elementor-section elementor-top-section elementor-element elementor-element-7156cca9 elementor-section-boxed elementor-section-height-default elementor-section-height-default\" data-id=\"7156cca9\" data-element_type=\"section\">\n\t\t\t\t\t\t<div class=\"elementor-container elementor-column-gap-default\">\n\t\t\t\t\t<div class=\"elementor-column elementor-col-50 elementor-top-column elementor-element elementor-element-1d1a4c33\" data-id=\"1d1a4c33\" data-element_type=\"column\">\n\t\t\t<div class=\"elementor-widget-wrap elementor-element-populated\">\n\t\t\t\t\t\t\t\t<div class=\"elementor-element elementor-element-766f467b elementor-widget elementor-widget-heading\" data-id=\"766f467b\" data-element_type=\"widget\" data-widget_type=\"heading.default\">\n\t\t\t\t<div class=\"elementor-widget-container\">\n\t\t\t<h2 class=\"elementor-heading-title elementor-size-default\">FISCAL<\/h2>\t\t<\/div>\n\t\t\t\t<\/div>\n\t\t\t\t\t<\/div>\n\t\t<\/div>\n\t\t\t\t<div class=\"elementor-column elementor-col-50 elementor-top-column elementor-element elementor-element-674c1a2\" data-id=\"674c1a2\" data-element_type=\"column\">\n\t\t\t<div class=\"elementor-widget-wrap elementor-element-populated\">\n\t\t\t\t\t\t\t\t<div class=\"elementor-element elementor-element-157da9c3 elementor-widget elementor-widget-text-editor\" data-id=\"157da9c3\" data-element_type=\"widget\" data-widget_type=\"text-editor.default\">\n\t\t\t\t<div class=\"elementor-widget-container\">\n\t\t\t\t\t\t\t<p class=\"p1\">Nossos profissionais s\u00e3o capacitados com cursos e treinamentos peri\u00f3dicos, com o objetivo de alcan\u00e7armos os mais altos n\u00edveis de excel\u00eancia nos servi\u00e7os executados.<\/p>\t\t\t\t\t\t<\/div>\n\t\t\t\t<\/div>\n\t\t\t\t\t<\/div>\n\t\t<\/div>\n\t\t\t\t\t\t\t<\/div>\n\t\t<\/section>\n\t\t\t\t<section class=\"elementor-section elementor-top-section elementor-element elementor-element-50554d4b elementor-section-boxed elementor-section-height-default elementor-section-height-default\" data-id=\"50554d4b\" data-element_type=\"section\">\n\t\t\t\t\t\t<div class=\"elementor-container elementor-column-gap-default\">\n\t\t\t\t\t<div class=\"elementor-column elementor-col-100 elementor-top-column elementor-element elementor-element-23337849\" data-id=\"23337849\" data-element_type=\"column\">\n\t\t\t<div class=\"elementor-widget-wrap elementor-element-populated\">\n\t\t\t\t\t\t\t\t<div class=\"elementor-element elementor-element-463fed22 elementor-widget elementor-widget-heading\" data-id=\"463fed22\" data-element_type=\"widget\" data-widget_type=\"heading.default\">\n\t\t\t\t<div class=\"elementor-widget-container\">\n\t\t\t<h2 class=\"elementor-heading-title elementor-size-default\">CONFIAN\u00c7A E SIGILO ABSOLUTO <\/h2>\t\t<\/div>\n\t\t\t\t<\/div>\n\t\t\t\t<div class=\"elementor-element elementor-element-24885e13 elementor-widget elementor-widget-heading\" data-id=\"24885e13\" data-element_type=\"widget\" data-widget_type=\"heading.default\">\n\t\t\t\t<div class=\"elementor-widget-container\">\n\t\t\t<h4 class=\"elementor-heading-title elementor-size-default\">Orienta\u00e7\u00f5es na Emiss\u00e3o de Documentos Fiscais<\/h4>\t\t<\/div>\n\t\t\t\t<\/div>\n\t\t\t\t\t<\/div>\n\t\t<\/div>\n\t\t\t\t\t\t\t<\/div>\n\t\t<\/section>\n\t\t\t\t<section class=\"elementor-section elementor-top-section elementor-element elementor-element-7c414b14 elementor-section-boxed elementor-section-height-default elementor-section-height-default\" data-id=\"7c414b14\" data-element_type=\"section\">\n\t\t\t\t\t\t<div class=\"elementor-container elementor-column-gap-wider\">\n\t\t\t\t\t<div class=\"elementor-column elementor-col-50 elementor-top-column elementor-element elementor-element-45c2436d\" data-id=\"45c2436d\" data-element_type=\"column\">\n\t\t\t<div class=\"elementor-widget-wrap elementor-element-populated\">\n\t\t\t\t\t\t\t\t<div class=\"elementor-element elementor-element-6baceb28 elementor-widget elementor-widget-image\" data-id=\"6baceb28\" data-element_type=\"widget\" data-widget_type=\"image.default\">\n\t\t\t\t<div class=\"elementor-widget-container\">\n\t\t\t\t\t\t\t\t\t\t\t\t\t\t\t<img loading=\"lazy\" decoding=\"async\" width=\"768\" height=\"527\" src=\"https:\/\/interaudit.com.br\/wp-content\/uploads\/2021\/05\/sala-2-e1620869970955.jpeg\" class=\"attachment-full size-full\" alt=\"\" srcset=\"https:\/\/interaudit.com.br\/wp-content\/uploads\/2021\/05\/sala-2-e1620869970955.jpeg 768w, https:\/\/interaudit.com.br\/wp-content\/uploads\/2021\/05\/sala-2-e1620869970955-300x206.jpeg 300w\" sizes=\"auto, (max-width: 768px) 100vw, 768px\" \/>\t\t\t\t\t\t\t\t\t\t\t\t\t\t\t<\/div>\n\t\t\t\t<\/div>\n\t\t\t\t\t<\/div>\n\t\t<\/div>\n\t\t\t\t<div class=\"elementor-column elementor-col-50 elementor-top-column elementor-element elementor-element-5c4afa0f\" data-id=\"5c4afa0f\" data-element_type=\"column\" data-settings=\"{&quot;background_background&quot;:&quot;classic&quot;}\">\n\t\t\t<div class=\"elementor-widget-wrap elementor-element-populated\">\n\t\t\t\t\t\t\t\t<div class=\"elementor-element elementor-element-3f06c183 elementor-widget elementor-widget-heading\" data-id=\"3f06c183\" data-element_type=\"widget\" data-widget_type=\"heading.default\">\n\t\t\t\t<div class=\"elementor-widget-container\">\n\t\t\t<h2 class=\"elementor-heading-title elementor-size-default\">fALE COM NOSSA ESPECIALISTA<\/h2>\t\t<\/div>\n\t\t\t\t<\/div>\n\t\t\t\t<div class=\"elementor-element elementor-element-3ff731c6 elementor-widget elementor-widget-button\" data-id=\"3ff731c6\" data-element_type=\"widget\" data-widget_type=\"button.default\">\n\t\t\t\t<div class=\"elementor-widget-container\">\n\t\t\t\t\t<div class=\"elementor-button-wrapper\">\n\t\t\t<a href=\"#\" class=\"elementor-button-link elementor-button elementor-size-sm\" role=\"button\">\n\t\t\t\t\t\t<span class=\"elementor-button-content-wrapper\">\n\t\t\t\t\t\t<span class=\"elementor-button-text\">Clique aqui<\/span>\n\t\t<\/span>\n\t\t\t\t\t<\/a>\n\t\t<\/div>\n\t\t\t\t<\/div>\n\t\t\t\t<\/div>\n\t\t\t\t<div class=\"elementor-element elementor-element-18ec60b0 elementor-widget elementor-widget-heading\" data-id=\"18ec60b0\" data-element_type=\"widget\" data-widget_type=\"heading.default\">\n\t\t\t\t<div class=\"elementor-widget-container\">\n\t\t\t<h2 class=\"elementor-heading-title elementor-size-default\">Email:<\/h2>\t\t<\/div>\n\t\t\t\t<\/div>\n\t\t\t\t<div class=\"elementor-element elementor-element-3fb9d7b9 elementor-widget elementor-widget-heading\" data-id=\"3fb9d7b9\" data-element_type=\"widget\" data-widget_type=\"heading.default\">\n\t\t\t\t<div class=\"elementor-widget-container\">\n\t\t\t<h2 class=\"elementor-heading-title elementor-size-default\">contato@interaudit.com.br<\/h2>\t\t<\/div>\n\t\t\t\t<\/div>\n\t\t\t\t\t<\/div>\n\t\t<\/div>\n\t\t\t\t\t\t\t<\/div>\n\t\t<\/section>\n\t\t\t\t<section class=\"elementor-section elementor-top-section elementor-element elementor-element-69dbd771 elementor-section-height-min-height elementor-section-boxed elementor-section-height-default elementor-section-items-middle\" data-id=\"69dbd771\" data-element_type=\"section\">\n\t\t\t\t\t\t<div class=\"elementor-container elementor-column-gap-default\">\n\t\t\t\t\t<div class=\"elementor-column elementor-col-100 elementor-top-column elementor-element elementor-element-40b104d\" data-id=\"40b104d\" data-element_type=\"column\">\n\t\t\t<div class=\"elementor-widget-wrap elementor-element-populated\">\n\t\t\t\t\t\t\t\t<div class=\"elementor-element elementor-element-76f3dfe0 elementor-widget elementor-widget-heading\" data-id=\"76f3dfe0\" data-element_type=\"widget\" data-widget_type=\"heading.default\">\n\t\t\t\t<div class=\"elementor-widget-container\">\n\t\t\t<h2 class=\"elementor-heading-title elementor-size-default\">SERVI\u00c7OS T\u00c9CNICOS<\/h2>\t\t<\/div>\n\t\t\t\t<\/div>\n\t\t\t\t<div class=\"elementor-element elementor-element-6fb948a7 elementor-widget elementor-widget-heading\" data-id=\"6fb948a7\" data-element_type=\"widget\" data-widget_type=\"heading.default\">\n\t\t\t\t<div class=\"elementor-widget-container\">\n\t\t\t<h4 class=\"elementor-heading-title elementor-size-default\">listagem dos servi\u00e7os<\/h4>\t\t<\/div>\n\t\t\t\t<\/div>\n\t\t\t\t\t<\/div>\n\t\t<\/div>\n\t\t\t\t\t\t\t<\/div>\n\t\t<\/section>\n\t\t\t\t<section class=\"elementor-section elementor-top-section elementor-element elementor-element-47f06ca2 elementor-hidden-phone elementor-section-boxed elementor-section-height-default elementor-section-height-default\" data-id=\"47f06ca2\" data-element_type=\"section\" data-settings=\"{&quot;background_background&quot;:&quot;classic&quot;}\">\n\t\t\t\t\t\t<div class=\"elementor-container elementor-column-gap-default\">\n\t\t\t\t\t<div class=\"elementor-column elementor-col-100 elementor-top-column elementor-element elementor-element-167a3263\" data-id=\"167a3263\" data-element_type=\"column\">\n\t\t\t<div class=\"elementor-widget-wrap elementor-element-populated\">\n\t\t\t\t\t\t\t\t<div class=\"elementor-element elementor-element-640b4d09 elementor-widget elementor-widget-text-editor\" data-id=\"640b4d09\" data-element_type=\"widget\" data-widget_type=\"text-editor.default\">\n\t\t\t\t<div class=\"elementor-widget-container\">\n\t\t\t\t\t\t\t<p>Orienta\u00e7\u00e3o e controle da aplica\u00e7\u00e3o dos dispositivos legais vigentes, sejam federais, estaduais ou municipais;<\/p><p>Classifica\u00e7\u00e3o das notas de presta\u00e7\u00e3o de servi\u00e7os, entradas e sa\u00eddas;<\/p><p>Registro em todos livros fiscais exigidos pelas legisla\u00e7\u00f5es do ISSQN, IR, IPI e ICMS;<\/p><p>Levantamento de balancetes fiscais peri\u00f3dicos;<\/p><p>Entrega das obriga\u00e7\u00f5es acess\u00f3rias DCTF, DACON, DEMEP, DIPJ, DECLARA\u00c7\u00c3O SIMPLIFICADA, GIAS DE ICMS, ETC;<\/p><p>Apura\u00e7\u00e3o de impostos em todos os n\u00edveis (Federal, Estadual e Municipal);<\/p><p>Outras obriga\u00e7\u00f5es correlacionadas com a \u00e1rea fiscal;<\/p><p>Atendimentos das demais exig\u00eancias previstas em Atos Normativos, bem como de eventuais procedimentos de fiscaliza\u00e7\u00e3o tribut\u00e1ria;<\/p><p>Levantamento de ativos e impostos a recuperar;<\/p><p>Atendimento a agentes fiscais, execu\u00e7\u00e3o e participa\u00e7\u00e3o em auditorias internas ou externas;<\/p><p>Escritura\u00e7\u00e3o eletr\u00f4nica, com integra\u00e7\u00e3o completa de dados;<\/p><p>Fornecimento de guias e relat\u00f3rios por e-mail (ou via web);<\/p><p>Atendimento a fiscaliza\u00e7\u00e3o;<\/p><p>Controle de tributa\u00e7\u00e3o e distribui\u00e7\u00e3o de lucros;<\/p><p>Relat\u00f3rio mensal com indica\u00e7\u00e3o de pontos de vulnerabilidade e sugest\u00f5es de medidas corretivas;<\/p><p>Suporte legal permanente, com consultas via telefone, e-mail;<\/p><p>Enquadramento de empresas e produtos segundo a legisla\u00e7\u00e3o vigente. Coordena\u00e7\u00e3o e cumprimento de todas as exig\u00eancias fiscais (Declara\u00e7\u00f5es de imposto de renda, tributos e contribui\u00e7\u00f5es federais, Des, Dacon);<\/p><p>Controle de reten\u00e7\u00f5es efetuadas, bem como compensa\u00e7\u00e3o de impostos. Recupera\u00e7\u00e3o de impostos (pedidos de restitui\u00e7\u00e3o e\/ou compensa\u00e7\u00e3o).<\/p>\t\t\t\t\t\t<\/div>\n\t\t\t\t<\/div>\n\t\t\t\t\t<\/div>\n\t\t<\/div>\n\t\t\t\t\t\t\t<\/div>\n\t\t<\/section>\n\t\t\t\t<section class=\"elementor-section elementor-top-section elementor-element elementor-element-74fe907f elementor-hidden-desktop elementor-section-boxed elementor-section-height-default elementor-section-height-default\" data-id=\"74fe907f\" data-element_type=\"section\" data-settings=\"{&quot;background_background&quot;:&quot;classic&quot;}\">\n\t\t\t\t\t\t<div class=\"elementor-container elementor-column-gap-default\">\n\t\t\t\t\t<div class=\"elementor-column elementor-col-100 elementor-top-column elementor-element elementor-element-7e32e611\" data-id=\"7e32e611\" data-element_type=\"column\">\n\t\t\t<div class=\"elementor-widget-wrap elementor-element-populated\">\n\t\t\t\t\t\t\t\t<div class=\"elementor-element elementor-element-4e04d91d elementor-widget elementor-widget-text-editor\" data-id=\"4e04d91d\" data-element_type=\"widget\" data-widget_type=\"text-editor.default\">\n\t\t\t\t<div class=\"elementor-widget-container\">\n\t\t\t\t\t\t\t<p>Orienta\u00e7\u00e3o e controle da aplica\u00e7\u00e3o dos dispositivos legais vigentes, sejam federais, estaduais ou municipais;<\/p><p>Classifica\u00e7\u00e3o das notas de presta\u00e7\u00e3o de servi\u00e7os, entradas e sa\u00eddas;<\/p><p>Registro em todos livros fiscais exigidos pelas legisla\u00e7\u00f5es do ISSQN, IR, IPI e ICMS;<\/p><p>Levantamento de balancetes fiscais peri\u00f3dicos;<\/p><p>Entrega das obriga\u00e7\u00f5es acess\u00f3rias DCTF, DACON, DEMEP, DIPJ, DECLARA\u00c7\u00c3O SIMPLIFICADA, GIAS DE ICMS, ETC;<\/p><p>Apura\u00e7\u00e3o de impostos em todos os n\u00edveis (Federal, Estadual e Municipal);<\/p><p>Outras obriga\u00e7\u00f5es correlacionadas com a \u00e1rea fiscal;<\/p><p>Atendimentos das demais exig\u00eancias previstas em Atos Normativos, bem como de eventuais procedimentos de fiscaliza\u00e7\u00e3o tribut\u00e1ria;<\/p><p>Levantamento de ativos e impostos a recuperar;<\/p><p>Atendimento a agentes fiscais, execu\u00e7\u00e3o e participa\u00e7\u00e3o em auditorias internas ou externas;<\/p><p>Escritura\u00e7\u00e3o eletr\u00f4nica, com integra\u00e7\u00e3o completa de dados;<\/p><p>Fornecimento de guias e relat\u00f3rios por e-mail (ou via web);<\/p><p>Atendimento a fiscaliza\u00e7\u00e3o;<\/p><p>Controle de tributa\u00e7\u00e3o e distribui\u00e7\u00e3o de lucros;<\/p><p>Relat\u00f3rio mensal com indica\u00e7\u00e3o de pontos de vulnerabilidade e sugest\u00f5es de medidas corretivas;<\/p><p>Suporte legal permanente, com consultas via telefone, e-mail;<\/p><p>Enquadramento de empresas e produtos segundo a legisla\u00e7\u00e3o vigente. Coordena\u00e7\u00e3o e cumprimento de todas as exig\u00eancias fiscais (Declara\u00e7\u00f5es de imposto de renda, tributos e contribui\u00e7\u00f5es federais, Des, Dacon);<\/p><p>Controle de reten\u00e7\u00f5es efetuadas, bem como compensa\u00e7\u00e3o de impostos. Recupera\u00e7\u00e3o de impostos (pedidos de restitui\u00e7\u00e3o e\/ou compensa\u00e7\u00e3o).<\/p>\t\t\t\t\t\t<\/div>\n\t\t\t\t<\/div>\n\t\t\t\t\t<\/div>\n\t\t<\/div>\n\t\t\t\t\t\t\t<\/div>\n\t\t<\/section>\n\t\t\t\t\t\t<\/div>\n\t\t\t\t\t<\/div>\n\t\t","protected":false},"excerpt":{"rendered":"<p>FISCAL Nossos profissionais s\u00e3o capacitados com cursos e treinamentos peri\u00f3dicos, com o objetivo de alcan\u00e7armos os mais altos n\u00edveis de excel\u00eancia nos servi\u00e7os executados. CONFIAN\u00c7A E SIGILO ABSOLUTO Orienta\u00e7\u00f5es na Emiss\u00e3o de Documentos Fiscais fALE COM NOSSA ESPECIALISTA Clique aqui Email: contato@interaudit.com.br SERVI\u00c7OS T\u00c9CNICOS listagem dos servi\u00e7os Orienta\u00e7\u00e3o e controle da aplica\u00e7\u00e3o dos dispositivos legais [&hellip;]<\/p>\n","protected":false},"author":1,"featured_media":0,"parent":0,"menu_order":0,"comment_status":"closed","ping_status":"closed","template":"elementor_header_footer","meta":{"footnotes":""},"class_list":["post-43","page","type-page","status-publish","hentry"],"_links":{"self":[{"href":"https:\/\/interaudit.com.br\/index.php\/wp-json\/wp\/v2\/pages\/43","targetHints":{"allow":["GET"]}}],"collection":[{"href":"https:\/\/interaudit.com.br\/index.php\/wp-json\/wp\/v2\/pages"}],"about":[{"href":"https:\/\/interaudit.com.br\/index.php\/wp-json\/wp\/v2\/types\/page"}],"author":[{"embeddable":true,"href":"https:\/\/interaudit.com.br\/index.php\/wp-json\/wp\/v2\/users\/1"}],"replies":[{"embeddable":true,"href":"https:\/\/interaudit.com.br\/index.php\/wp-json\/wp\/v2\/comments?post=43"}],"version-history":[{"count":13,"href":"https:\/\/interaudit.com.br\/index.php\/wp-json\/wp\/v2\/pages\/43\/revisions"}],"predecessor-version":[{"id":642,"href":"https:\/\/interaudit.com.br\/index.php\/wp-json\/wp\/v2\/pages\/43\/revisions\/642"}],"wp:attachment":[{"href":"https:\/\/interaudit.com.br\/index.php\/wp-json\/wp\/v2\/media?parent=43"}],"curies":[{"name":"wp","href":"https:\/\/api.w.org\/{rel}","templated":true}]}}