{"id":41,"date":"2021-04-13T14:57:15","date_gmt":"2021-04-13T14:57:15","guid":{"rendered":"https:\/\/interaudit.com.br\/?page_id=41"},"modified":"2021-05-13T01:13:51","modified_gmt":"2021-05-13T01:13:51","slug":"depart-pessoal","status":"publish","type":"page","link":"https:\/\/interaudit.com.br\/index.php\/depart-pessoal\/","title":{"rendered":"Depart. Pessoal"},"content":{"rendered":"\t\t<div data-elementor-type=\"wp-page\" data-elementor-id=\"41\" class=\"elementor elementor-41\" data-elementor-settings=\"[]\">\n\t\t\t\t\t\t\t<div class=\"elementor-section-wrap\">\n\t\t\t\t\t\t\t<section class=\"elementor-section elementor-top-section elementor-element elementor-element-22ef53e2 elementor-section-boxed elementor-section-height-default elementor-section-height-default\" data-id=\"22ef53e2\" data-element_type=\"section\">\n\t\t\t\t\t\t<div class=\"elementor-container elementor-column-gap-default\">\n\t\t\t\t\t<div class=\"elementor-column elementor-col-50 elementor-top-column elementor-element elementor-element-4faa7ed6\" data-id=\"4faa7ed6\" data-element_type=\"column\">\n\t\t\t<div class=\"elementor-widget-wrap elementor-element-populated\">\n\t\t\t\t\t\t\t\t<div class=\"elementor-element elementor-element-447e61a5 elementor-widget elementor-widget-heading\" data-id=\"447e61a5\" data-element_type=\"widget\" data-widget_type=\"heading.default\">\n\t\t\t\t<div class=\"elementor-widget-container\">\n\t\t\t<h2 class=\"elementor-heading-title elementor-size-default\">TRABALHISTA<\/h2>\t\t<\/div>\n\t\t\t\t<\/div>\n\t\t\t\t\t<\/div>\n\t\t<\/div>\n\t\t\t\t<div class=\"elementor-column elementor-col-50 elementor-top-column elementor-element elementor-element-2087f428\" data-id=\"2087f428\" data-element_type=\"column\">\n\t\t\t<div class=\"elementor-widget-wrap elementor-element-populated\">\n\t\t\t\t\t\t\t\t<div class=\"elementor-element elementor-element-707c66be elementor-widget elementor-widget-text-editor\" data-id=\"707c66be\" data-element_type=\"widget\" data-widget_type=\"text-editor.default\">\n\t\t\t\t<div class=\"elementor-widget-container\">\n\t\t\t\t\t\t\t<p class=\"p1\">Nossos profissionais s\u00e3o capacitados com cursos e treinamentos peri\u00f3dicos, com o objetivo de alcan\u00e7armos os mais altos n\u00edveis de excel\u00eancia nos servi\u00e7os executados.<\/p>\t\t\t\t\t\t<\/div>\n\t\t\t\t<\/div>\n\t\t\t\t\t<\/div>\n\t\t<\/div>\n\t\t\t\t\t\t\t<\/div>\n\t\t<\/section>\n\t\t\t\t<section class=\"elementor-section elementor-top-section elementor-element elementor-element-78951fa7 elementor-section-boxed elementor-section-height-default elementor-section-height-default\" data-id=\"78951fa7\" data-element_type=\"section\">\n\t\t\t\t\t\t<div class=\"elementor-container elementor-column-gap-wider\">\n\t\t\t\t\t<div class=\"elementor-column elementor-col-50 elementor-top-column elementor-element elementor-element-a31483e\" data-id=\"a31483e\" data-element_type=\"column\">\n\t\t\t<div class=\"elementor-widget-wrap elementor-element-populated\">\n\t\t\t\t\t\t\t\t<div class=\"elementor-element elementor-element-6ccd39fe elementor-widget elementor-widget-image\" data-id=\"6ccd39fe\" data-element_type=\"widget\" data-widget_type=\"image.default\">\n\t\t\t\t<div class=\"elementor-widget-container\">\n\t\t\t\t\t\t\t\t\t\t\t\t\t\t\t<img loading=\"lazy\" decoding=\"async\" width=\"768\" height=\"524\" src=\"https:\/\/interaudit.com.br\/wp-content\/uploads\/2021\/05\/recepcao-1-e1620868140887.jpeg\" class=\"attachment-full size-full\" alt=\"\" srcset=\"https:\/\/interaudit.com.br\/wp-content\/uploads\/2021\/05\/recepcao-1-e1620868140887.jpeg 768w, https:\/\/interaudit.com.br\/wp-content\/uploads\/2021\/05\/recepcao-1-e1620868140887-300x205.jpeg 300w\" sizes=\"auto, (max-width: 768px) 100vw, 768px\" \/>\t\t\t\t\t\t\t\t\t\t\t\t\t\t\t<\/div>\n\t\t\t\t<\/div>\n\t\t\t\t\t<\/div>\n\t\t<\/div>\n\t\t\t\t<div class=\"elementor-column elementor-col-50 elementor-top-column elementor-element elementor-element-3e61c287\" data-id=\"3e61c287\" data-element_type=\"column\" data-settings=\"{&quot;background_background&quot;:&quot;classic&quot;}\">\n\t\t\t<div class=\"elementor-widget-wrap elementor-element-populated\">\n\t\t\t\t\t\t\t\t<div class=\"elementor-element elementor-element-2df859e8 elementor-widget elementor-widget-heading\" data-id=\"2df859e8\" data-element_type=\"widget\" data-widget_type=\"heading.default\">\n\t\t\t\t<div class=\"elementor-widget-container\">\n\t\t\t<h2 class=\"elementor-heading-title elementor-size-default\">CONFIAN\u00c7A E SIGILO ABSOLUTO <\/h2>\t\t<\/div>\n\t\t\t\t<\/div>\n\t\t\t\t<div class=\"elementor-element elementor-element-2b5d7aa3 elementor-widget elementor-widget-heading\" data-id=\"2b5d7aa3\" data-element_type=\"widget\" data-widget_type=\"heading.default\">\n\t\t\t\t<div class=\"elementor-widget-container\">\n\t\t\t<h4 class=\"elementor-heading-title elementor-size-default\">registros de Funcion\u00e1rios, Folha de Pagamento, eTC.<\/h4>\t\t<\/div>\n\t\t\t\t<\/div>\n\t\t\t\t\t<\/div>\n\t\t<\/div>\n\t\t\t\t\t\t\t<\/div>\n\t\t<\/section>\n\t\t\t\t<section class=\"elementor-section elementor-top-section elementor-element elementor-element-7e918ee7 elementor-section-height-min-height elementor-section-boxed elementor-section-height-default elementor-section-items-middle\" data-id=\"7e918ee7\" data-element_type=\"section\">\n\t\t\t\t\t\t<div class=\"elementor-container elementor-column-gap-default\">\n\t\t\t\t\t<div class=\"elementor-column elementor-col-100 elementor-top-column elementor-element elementor-element-7cfd26b5\" data-id=\"7cfd26b5\" data-element_type=\"column\">\n\t\t\t<div class=\"elementor-widget-wrap elementor-element-populated\">\n\t\t\t\t\t\t\t\t<div class=\"elementor-element elementor-element-218d126 elementor-widget elementor-widget-heading\" data-id=\"218d126\" data-element_type=\"widget\" data-widget_type=\"heading.default\">\n\t\t\t\t<div class=\"elementor-widget-container\">\n\t\t\t<h2 class=\"elementor-heading-title elementor-size-default\">SERVI\u00c7OS T\u00c9CNICOS<\/h2>\t\t<\/div>\n\t\t\t\t<\/div>\n\t\t\t\t<div class=\"elementor-element elementor-element-79b46286 elementor-widget elementor-widget-heading\" data-id=\"79b46286\" data-element_type=\"widget\" data-widget_type=\"heading.default\">\n\t\t\t\t<div class=\"elementor-widget-container\">\n\t\t\t<h4 class=\"elementor-heading-title elementor-size-default\">listagem dos servi\u00e7os<\/h4>\t\t<\/div>\n\t\t\t\t<\/div>\n\t\t\t\t\t<\/div>\n\t\t<\/div>\n\t\t\t\t\t\t\t<\/div>\n\t\t<\/section>\n\t\t\t\t<section class=\"elementor-section elementor-top-section elementor-element elementor-element-86f6c60 elementor-hidden-phone elementor-section-boxed elementor-section-height-default elementor-section-height-default\" data-id=\"86f6c60\" data-element_type=\"section\" data-settings=\"{&quot;background_background&quot;:&quot;classic&quot;}\">\n\t\t\t\t\t\t<div class=\"elementor-container elementor-column-gap-default\">\n\t\t\t\t\t<div class=\"elementor-column elementor-col-100 elementor-top-column elementor-element elementor-element-229be129\" data-id=\"229be129\" data-element_type=\"column\">\n\t\t\t<div class=\"elementor-widget-wrap elementor-element-populated\">\n\t\t\t\t\t\t\t\t<div class=\"elementor-element elementor-element-7c4cea77 elementor-widget elementor-widget-text-editor\" data-id=\"7c4cea77\" data-element_type=\"widget\" data-widget_type=\"text-editor.default\">\n\t\t\t\t<div class=\"elementor-widget-container\">\n\t\t\t\t\t\t\t<p>Orienta\u00e7\u00e3o e controle da aplica\u00e7\u00e3o dos preceitos da Consolida\u00e7\u00e3o das Leis do Trabalho;<\/p><p>Manuten\u00e7\u00e3o do Registro de Empregados e servi\u00e7os correlatos;<\/p><p>Elabora\u00e7\u00e3o da Folha de Pagamento dos empregados e dos s\u00f3cios, bem como das guias de recolhimento dos Encargos e Tributos afins;<\/p><p>Atendimento das demais exig\u00eancias previstas na legisla\u00e7\u00e3o, bem como de eventuais procedimentos de fiscaliza\u00e7\u00e3o;<\/p><p>Acompanhamento e orienta\u00e7\u00e3o nas Rescis\u00f5es Contratuais junto ao Minist\u00e9rio do Trabalho e Sindicatos de Classe;<\/p><p>Prepara\u00e7\u00e3o das provis\u00f5es mensais de f\u00e9rias, 13\u00ba sal\u00e1rio e os respectivos encargos;<\/p><p>Elabora\u00e7\u00e3o de folhas de pagamento;<\/p><p>Folha de pagamento informatizada;<\/p><p>Elabora\u00e7\u00e3o das guias para recolhimento de encargos sociais;<\/p><p>Admiss\u00e3o e desligamento de funcion\u00e1rios;<\/p><p>Controle de f\u00e9rias dos funcion\u00e1rios;<\/p><p>Orienta\u00e7\u00e3o legal trabalhista\/previdenci\u00e1ria;<\/p><p>Relat\u00f3rios anuais: rais e informe de rendimentos;<\/p><p>PPRA, PCMSO;<\/p><p>An\u00e1lise do Acordo Coletivo \u2013 Diss\u00eddio;<\/p><p>Atendimento de eventuais Visitas fiscais;<\/p><p>Manuten\u00e7\u00e3o do livro registro de funcion\u00e1rios e demais controles;<\/p><p>Cumprimento de todas as exig\u00eancias legais: Dirf, Dctf, Informes de rendimentos, Caged, Cipa, entre outros;<\/p><p>Servi\u00e7os de manuten\u00e7\u00e3o para contrata\u00e7\u00e3o de empregada dom\u00e9stica.<\/p>\t\t\t\t\t\t<\/div>\n\t\t\t\t<\/div>\n\t\t\t\t\t<\/div>\n\t\t<\/div>\n\t\t\t\t\t\t\t<\/div>\n\t\t<\/section>\n\t\t\t\t<section class=\"elementor-section elementor-top-section elementor-element elementor-element-658b0cd7 elementor-hidden-desktop elementor-section-boxed elementor-section-height-default elementor-section-height-default\" data-id=\"658b0cd7\" data-element_type=\"section\" data-settings=\"{&quot;background_background&quot;:&quot;classic&quot;}\">\n\t\t\t\t\t\t<div class=\"elementor-container elementor-column-gap-default\">\n\t\t\t\t\t<div class=\"elementor-column elementor-col-100 elementor-top-column elementor-element elementor-element-309aeccf\" data-id=\"309aeccf\" data-element_type=\"column\">\n\t\t\t<div class=\"elementor-widget-wrap elementor-element-populated\">\n\t\t\t\t\t\t\t\t<div class=\"elementor-element elementor-element-5fa24478 elementor-widget elementor-widget-text-editor\" data-id=\"5fa24478\" data-element_type=\"widget\" data-widget_type=\"text-editor.default\">\n\t\t\t\t<div class=\"elementor-widget-container\">\n\t\t\t\t\t\t\t<p>Orienta\u00e7\u00e3o e controle da aplica\u00e7\u00e3o dos preceitos da Consolida\u00e7\u00e3o das Leis do Trabalho;<\/p><p>Manuten\u00e7\u00e3o do Registro de Empregados e servi\u00e7os correlatos;<\/p><p>Elabora\u00e7\u00e3o da Folha de Pagamento dos empregados e dos s\u00f3cios, bem como das guias de recolhimento dos Encargos e Tributos afins;<\/p><p>Atendimento das demais exig\u00eancias previstas na legisla\u00e7\u00e3o, bem como de eventuais procedimentos de fiscaliza\u00e7\u00e3o;<\/p><p>Acompanhamento e orienta\u00e7\u00e3o nas Rescis\u00f5es Contratuais junto ao Minist\u00e9rio do Trabalho e Sindicatos de Classe;<\/p><p>Prepara\u00e7\u00e3o das provis\u00f5es mensais de f\u00e9rias, 13\u00ba sal\u00e1rio e os respectivos encargos;<\/p><p>Elabora\u00e7\u00e3o de folhas de pagamento;<\/p><p>Folha de pagamento informatizada;<\/p><p>Elabora\u00e7\u00e3o das guias para recolhimento de encargos sociais;<\/p><p>Admiss\u00e3o e desligamento de funcion\u00e1rios;<\/p><p>Controle de f\u00e9rias dos funcion\u00e1rios;<\/p><p>Orienta\u00e7\u00e3o legal trabalhista\/previdenci\u00e1ria;<\/p><p>Relat\u00f3rios anuais: rais e informe de rendimentos;<\/p><p>PPRA, PCMSO;<\/p><p>An\u00e1lise do Acordo Coletivo \u2013 Diss\u00eddio;<\/p><p>Atendimento de eventuais Visitas fiscais;<\/p><p>Manuten\u00e7\u00e3o do livro registro de funcion\u00e1rios e demais controles;<\/p><p>Cumprimento de todas as exig\u00eancias legais: Dirf, Dctf, Informes de rendimentos, Caged, Cipa, entre outros;<\/p><p>Servi\u00e7os de manuten\u00e7\u00e3o para contrata\u00e7\u00e3o de empregada dom\u00e9stica.<\/p>\t\t\t\t\t\t<\/div>\n\t\t\t\t<\/div>\n\t\t\t\t\t<\/div>\n\t\t<\/div>\n\t\t\t\t\t\t\t<\/div>\n\t\t<\/section>\n\t\t\t\t\t\t<\/div>\n\t\t\t\t\t<\/div>\n\t\t","protected":false},"excerpt":{"rendered":"<p>TRABALHISTA Nossos profissionais s\u00e3o capacitados com cursos e treinamentos peri\u00f3dicos, com o objetivo de alcan\u00e7armos os mais altos n\u00edveis de excel\u00eancia nos servi\u00e7os executados. CONFIAN\u00c7A E SIGILO ABSOLUTO registros de Funcion\u00e1rios, Folha de Pagamento, eTC. SERVI\u00c7OS T\u00c9CNICOS listagem dos servi\u00e7os Orienta\u00e7\u00e3o e controle da aplica\u00e7\u00e3o dos preceitos da Consolida\u00e7\u00e3o das Leis do Trabalho; Manuten\u00e7\u00e3o do [&hellip;]<\/p>\n","protected":false},"author":1,"featured_media":0,"parent":0,"menu_order":0,"comment_status":"closed","ping_status":"closed","template":"elementor_header_footer","meta":{"footnotes":""},"class_list":["post-41","page","type-page","status-publish","hentry"],"_links":{"self":[{"href":"https:\/\/interaudit.com.br\/index.php\/wp-json\/wp\/v2\/pages\/41","targetHints":{"allow":["GET"]}}],"collection":[{"href":"https:\/\/interaudit.com.br\/index.php\/wp-json\/wp\/v2\/pages"}],"about":[{"href":"https:\/\/interaudit.com.br\/index.php\/wp-json\/wp\/v2\/types\/page"}],"author":[{"embeddable":true,"href":"https:\/\/interaudit.com.br\/index.php\/wp-json\/wp\/v2\/users\/1"}],"replies":[{"embeddable":true,"href":"https:\/\/interaudit.com.br\/index.php\/wp-json\/wp\/v2\/comments?post=41"}],"version-history":[{"count":25,"href":"https:\/\/interaudit.com.br\/index.php\/wp-json\/wp\/v2\/pages\/41\/revisions"}],"predecessor-version":[{"id":621,"href":"https:\/\/interaudit.com.br\/index.php\/wp-json\/wp\/v2\/pages\/41\/revisions\/621"}],"wp:attachment":[{"href":"https:\/\/interaudit.com.br\/index.php\/wp-json\/wp\/v2\/media?parent=41"}],"curies":[{"name":"wp","href":"https:\/\/api.w.org\/{rel}","templated":true}]}}