{"id":37,"date":"2021-04-13T14:56:26","date_gmt":"2021-04-13T14:56:26","guid":{"rendered":"https:\/\/interaudit.com.br\/?page_id=37"},"modified":"2021-05-14T13:10:18","modified_gmt":"2021-05-14T13:10:18","slug":"abertura-e-encerramento","status":"publish","type":"page","link":"https:\/\/interaudit.com.br\/index.php\/abertura-e-encerramento\/","title":{"rendered":"Abertura e Encerramento"},"content":{"rendered":"\t\t<div data-elementor-type=\"wp-page\" data-elementor-id=\"37\" class=\"elementor elementor-37\" data-elementor-settings=\"[]\">\n\t\t\t\t\t\t\t<div class=\"elementor-section-wrap\">\n\t\t\t\t\t\t\t<section class=\"elementor-section elementor-top-section elementor-element elementor-element-37fad772 elementor-section-boxed elementor-section-height-default elementor-section-height-default\" data-id=\"37fad772\" data-element_type=\"section\">\n\t\t\t\t\t\t<div class=\"elementor-container elementor-column-gap-default\">\n\t\t\t\t\t<div class=\"elementor-column elementor-col-50 elementor-top-column elementor-element elementor-element-7cf5ca3e\" data-id=\"7cf5ca3e\" data-element_type=\"column\">\n\t\t\t<div class=\"elementor-widget-wrap elementor-element-populated\">\n\t\t\t\t\t\t\t\t<div class=\"elementor-element elementor-element-5cd2807f elementor-widget elementor-widget-heading\" data-id=\"5cd2807f\" data-element_type=\"widget\" data-widget_type=\"heading.default\">\n\t\t\t\t<div class=\"elementor-widget-container\">\n\t\t\t<h2 class=\"elementor-heading-title elementor-size-default\">ABERTURA E ENCERRAMENTO<\/h2>\t\t<\/div>\n\t\t\t\t<\/div>\n\t\t\t\t\t<\/div>\n\t\t<\/div>\n\t\t\t\t<div class=\"elementor-column elementor-col-50 elementor-top-column elementor-element elementor-element-711826e5\" data-id=\"711826e5\" data-element_type=\"column\">\n\t\t\t<div class=\"elementor-widget-wrap elementor-element-populated\">\n\t\t\t\t\t\t\t\t<div class=\"elementor-element elementor-element-de13619 elementor-widget elementor-widget-text-editor\" data-id=\"de13619\" data-element_type=\"widget\" data-widget_type=\"text-editor.default\">\n\t\t\t\t<div class=\"elementor-widget-container\">\n\t\t\t\t\t\t\t<p class=\"p1\">Nossos profissionais s\u00e3o capacitados com cursos e treinamentos peri\u00f3dicos, com o objetivo de alcan\u00e7armos os mais altos n\u00edveis de excel\u00eancia nos servi\u00e7os executados.<\/p>\t\t\t\t\t\t<\/div>\n\t\t\t\t<\/div>\n\t\t\t\t\t<\/div>\n\t\t<\/div>\n\t\t\t\t\t\t\t<\/div>\n\t\t<\/section>\n\t\t\t\t<section class=\"elementor-section elementor-top-section elementor-element elementor-element-28720877 elementor-section-height-min-height elementor-section-boxed elementor-section-height-default elementor-section-items-middle\" data-id=\"28720877\" data-element_type=\"section\">\n\t\t\t\t\t\t<div class=\"elementor-container elementor-column-gap-wider\">\n\t\t\t\t\t<div class=\"elementor-column elementor-col-50 elementor-top-column elementor-element elementor-element-69251948\" data-id=\"69251948\" data-element_type=\"column\">\n\t\t\t<div class=\"elementor-widget-wrap elementor-element-populated\">\n\t\t\t\t\t\t\t\t<div class=\"elementor-element elementor-element-721cf964 elementor-widget elementor-widget-image\" data-id=\"721cf964\" data-element_type=\"widget\" data-widget_type=\"image.default\">\n\t\t\t\t<div class=\"elementor-widget-container\">\n\t\t\t\t\t\t\t\t\t\t\t\t\t\t\t<img loading=\"lazy\" decoding=\"async\" width=\"800\" height=\"533\" src=\"https:\/\/interaudit.com.br\/wp-content\/uploads\/2021\/05\/cafe-2-1024x682.jpeg\" class=\"attachment-large size-large\" alt=\"\" srcset=\"https:\/\/interaudit.com.br\/wp-content\/uploads\/2021\/05\/cafe-2-1024x682.jpeg 1024w, https:\/\/interaudit.com.br\/wp-content\/uploads\/2021\/05\/cafe-2-300x200.jpeg 300w, https:\/\/interaudit.com.br\/wp-content\/uploads\/2021\/05\/cafe-2-768x512.jpeg 768w, https:\/\/interaudit.com.br\/wp-content\/uploads\/2021\/05\/cafe-2.jpeg 1280w\" sizes=\"auto, (max-width: 800px) 100vw, 800px\" \/>\t\t\t\t\t\t\t\t\t\t\t\t\t\t\t<\/div>\n\t\t\t\t<\/div>\n\t\t\t\t\t<\/div>\n\t\t<\/div>\n\t\t\t\t<div class=\"elementor-column elementor-col-50 elementor-top-column elementor-element elementor-element-2cc332f1\" data-id=\"2cc332f1\" data-element_type=\"column\" data-settings=\"{&quot;background_background&quot;:&quot;classic&quot;}\">\n\t\t\t<div class=\"elementor-widget-wrap elementor-element-populated\">\n\t\t\t\t\t\t\t\t<div class=\"elementor-element elementor-element-b737d9a elementor-widget elementor-widget-spacer\" data-id=\"b737d9a\" data-element_type=\"widget\" data-widget_type=\"spacer.default\">\n\t\t\t\t<div class=\"elementor-widget-container\">\n\t\t\t\t\t<div class=\"elementor-spacer\">\n\t\t\t<div class=\"elementor-spacer-inner\"><\/div>\n\t\t<\/div>\n\t\t\t\t<\/div>\n\t\t\t\t<\/div>\n\t\t\t\t<div class=\"elementor-element elementor-element-41ccd47c elementor-widget elementor-widget-heading\" data-id=\"41ccd47c\" data-element_type=\"widget\" data-widget_type=\"heading.default\">\n\t\t\t\t<div class=\"elementor-widget-container\">\n\t\t\t<h2 class=\"elementor-heading-title elementor-size-default\">fALE COM NOSSO ESPECIALISTA<\/h2>\t\t<\/div>\n\t\t\t\t<\/div>\n\t\t\t\t<div class=\"elementor-element elementor-element-46bb870a elementor-widget elementor-widget-button\" data-id=\"46bb870a\" data-element_type=\"widget\" data-widget_type=\"button.default\">\n\t\t\t\t<div class=\"elementor-widget-container\">\n\t\t\t\t\t<div class=\"elementor-button-wrapper\">\n\t\t\t<a href=\"#\" class=\"elementor-button-link elementor-button elementor-size-sm\" role=\"button\">\n\t\t\t\t\t\t<span class=\"elementor-button-content-wrapper\">\n\t\t\t\t\t\t<span class=\"elementor-button-text\">Clique aqui<\/span>\n\t\t<\/span>\n\t\t\t\t\t<\/a>\n\t\t<\/div>\n\t\t\t\t<\/div>\n\t\t\t\t<\/div>\n\t\t\t\t<div class=\"elementor-element elementor-element-653cc18e elementor-widget elementor-widget-heading\" data-id=\"653cc18e\" data-element_type=\"widget\" data-widget_type=\"heading.default\">\n\t\t\t\t<div class=\"elementor-widget-container\">\n\t\t\t<h2 class=\"elementor-heading-title elementor-size-default\">Email:<\/h2>\t\t<\/div>\n\t\t\t\t<\/div>\n\t\t\t\t<div class=\"elementor-element elementor-element-6e271aed elementor-widget elementor-widget-heading\" data-id=\"6e271aed\" data-element_type=\"widget\" data-widget_type=\"heading.default\">\n\t\t\t\t<div class=\"elementor-widget-container\">\n\t\t\t<h2 class=\"elementor-heading-title elementor-size-default\">contato@interaudit.com.br<\/h2>\t\t<\/div>\n\t\t\t\t<\/div>\n\t\t\t\t<div class=\"elementor-element elementor-element-50a6b80 elementor-widget elementor-widget-spacer\" data-id=\"50a6b80\" data-element_type=\"widget\" data-widget_type=\"spacer.default\">\n\t\t\t\t<div class=\"elementor-widget-container\">\n\t\t\t\t\t<div class=\"elementor-spacer\">\n\t\t\t<div class=\"elementor-spacer-inner\"><\/div>\n\t\t<\/div>\n\t\t\t\t<\/div>\n\t\t\t\t<\/div>\n\t\t\t\t\t<\/div>\n\t\t<\/div>\n\t\t\t\t\t\t\t<\/div>\n\t\t<\/section>\n\t\t\t\t<section class=\"elementor-section elementor-top-section elementor-element elementor-element-47b4a0a3 elementor-hidden-phone elementor-section-boxed elementor-section-height-default elementor-section-height-default\" data-id=\"47b4a0a3\" data-element_type=\"section\" data-settings=\"{&quot;background_background&quot;:&quot;classic&quot;}\">\n\t\t\t\t\t\t<div class=\"elementor-container elementor-column-gap-default\">\n\t\t\t\t\t<div class=\"elementor-column elementor-col-100 elementor-top-column elementor-element elementor-element-221500b9\" data-id=\"221500b9\" data-element_type=\"column\">\n\t\t\t<div class=\"elementor-widget-wrap elementor-element-populated\">\n\t\t\t\t\t\t\t\t<div class=\"elementor-element elementor-element-ae62aac elementor-widget elementor-widget-text-editor\" data-id=\"ae62aac\" data-element_type=\"widget\" data-widget_type=\"text-editor.default\">\n\t\t\t\t<div class=\"elementor-widget-container\">\n\t\t\t\t\t\t\t<p>Elabora\u00e7\u00e3o de contratos em geral: contrato de presta\u00e7\u00e3o de servi\u00e7os, comodato, compra e venda de estabelecimentos comerciais, outros;<\/p><p>Constitui\u00e7\u00e3o de empresas, associa\u00e7\u00f5es e outras entidades;<\/p><p>Transfer\u00eancias, altera\u00e7\u00f5es e transforma\u00e7\u00f5es de empresas;<\/p><p>Regulariza\u00e7\u00e3o de empresas perante os diversos \u00f3rg\u00e3os: Juntas comerciais; Cart\u00f3rios de registro; Receita Federal; Secretaria da Fazenda; Prefeituras, \u00f3rg\u00e3os de classe, etc;<\/p><p>Elabora\u00e7\u00e3o de processos de alvar\u00e1 de funcionamento, envolvendo Prefeituras municipais, vigil\u00e2ncia sanit\u00e1ria, corpo de bombeiros, departamento de \u00e1gua e esgoto, etc;<\/p><p>Processos de parcelamento de d\u00e9bitos em todos os n\u00edveis (Federal, Estadual e Municipal);<\/p><p>Acompanhamento de registro na junta comercial, cart\u00f3rios de registro, receita federal, secretaria da fazenda do estado, prefeituras municipais, \u00f3rg\u00e3os de classe;<\/p><p>Elabora\u00e7\u00e3o de cadastros.<\/p><div>\u00a0<\/div>\t\t\t\t\t\t<\/div>\n\t\t\t\t<\/div>\n\t\t\t\t\t<\/div>\n\t\t<\/div>\n\t\t\t\t\t\t\t<\/div>\n\t\t<\/section>\n\t\t\t\t<section class=\"elementor-section elementor-top-section elementor-element elementor-element-298670bc elementor-hidden-desktop elementor-section-boxed elementor-section-height-default elementor-section-height-default\" data-id=\"298670bc\" data-element_type=\"section\" data-settings=\"{&quot;background_background&quot;:&quot;classic&quot;}\">\n\t\t\t\t\t\t<div class=\"elementor-container elementor-column-gap-default\">\n\t\t\t\t\t<div class=\"elementor-column elementor-col-100 elementor-top-column elementor-element elementor-element-795506cb\" data-id=\"795506cb\" data-element_type=\"column\">\n\t\t\t<div class=\"elementor-widget-wrap elementor-element-populated\">\n\t\t\t\t\t\t\t\t<div class=\"elementor-element elementor-element-6e5bde92 elementor-widget elementor-widget-text-editor\" data-id=\"6e5bde92\" data-element_type=\"widget\" data-widget_type=\"text-editor.default\">\n\t\t\t\t<div class=\"elementor-widget-container\">\n\t\t\t\t\t\t\t<p>Elabora\u00e7\u00e3o de contratos em geral: contrato de presta\u00e7\u00e3o de servi\u00e7os, comodato, compra e venda de estabelecimentos comerciais, outros;<\/p><p>Constitui\u00e7\u00e3o de empresas, associa\u00e7\u00f5es e outras entidades;<\/p><p>Transfer\u00eancias, altera\u00e7\u00f5es e transforma\u00e7\u00f5es de empresas;<\/p><p>Regulariza\u00e7\u00e3o de empresas perante os diversos \u00f3rg\u00e3os: Juntas comerciais; Cart\u00f3rios de registro; Receita Federal; Secretaria da Fazenda; Prefeituras, \u00f3rg\u00e3os de classe, etc;<\/p><p>Elabora\u00e7\u00e3o de processos de alvar\u00e1 de funcionamento, envolvendo Prefeituras municipais, vigil\u00e2ncia sanit\u00e1ria, corpo de bombeiros, sanasa, etc;<\/p><p>Processos de parcelamento de d\u00e9bitos em todos os n\u00edveis (Federal, Estadual e Municipal);<\/p><p>Acompanhamento de registro na junta comercial, cart\u00f3rios de registro, receita federal, secretaria da fazenda do estado, prefeituras municipais, \u00f3rg\u00e3os de classe;<\/p><p>Elabora\u00e7\u00e3o de cadastros.<\/p><div>\u00a0<\/div>\t\t\t\t\t\t<\/div>\n\t\t\t\t<\/div>\n\t\t\t\t\t<\/div>\n\t\t<\/div>\n\t\t\t\t\t\t\t<\/div>\n\t\t<\/section>\n\t\t\t\t\t\t<\/div>\n\t\t\t\t\t<\/div>\n\t\t","protected":false},"excerpt":{"rendered":"<p>ABERTURA E ENCERRAMENTO Nossos profissionais s\u00e3o capacitados com cursos e treinamentos peri\u00f3dicos, com o objetivo de alcan\u00e7armos os mais altos n\u00edveis de excel\u00eancia nos servi\u00e7os executados. fALE COM NOSSO ESPECIALISTA Clique aqui Email: contato@interaudit.com.br Elabora\u00e7\u00e3o de contratos em geral: contrato de presta\u00e7\u00e3o de servi\u00e7os, comodato, compra e venda de estabelecimentos comerciais, outros; Constitui\u00e7\u00e3o de empresas, [&hellip;]<\/p>\n","protected":false},"author":1,"featured_media":0,"parent":0,"menu_order":0,"comment_status":"closed","ping_status":"closed","template":"elementor_header_footer","meta":{"footnotes":""},"class_list":["post-37","page","type-page","status-publish","hentry"],"_links":{"self":[{"href":"https:\/\/interaudit.com.br\/index.php\/wp-json\/wp\/v2\/pages\/37","targetHints":{"allow":["GET"]}}],"collection":[{"href":"https:\/\/interaudit.com.br\/index.php\/wp-json\/wp\/v2\/pages"}],"about":[{"href":"https:\/\/interaudit.com.br\/index.php\/wp-json\/wp\/v2\/types\/page"}],"author":[{"embeddable":true,"href":"https:\/\/interaudit.com.br\/index.php\/wp-json\/wp\/v2\/users\/1"}],"replies":[{"embeddable":true,"href":"https:\/\/interaudit.com.br\/index.php\/wp-json\/wp\/v2\/comments?post=37"}],"version-history":[{"count":52,"href":"https:\/\/interaudit.com.br\/index.php\/wp-json\/wp\/v2\/pages\/37\/revisions"}],"predecessor-version":[{"id":704,"href":"https:\/\/interaudit.com.br\/index.php\/wp-json\/wp\/v2\/pages\/37\/revisions\/704"}],"wp:attachment":[{"href":"https:\/\/interaudit.com.br\/index.php\/wp-json\/wp\/v2\/media?parent=37"}],"curies":[{"name":"wp","href":"https:\/\/api.w.org\/{rel}","templated":true}]}}