{"id":33,"date":"2021-04-13T14:55:27","date_gmt":"2021-04-13T14:55:27","guid":{"rendered":"https:\/\/interaudit.com.br\/?page_id=33"},"modified":"2021-05-14T11:33:24","modified_gmt":"2021-05-14T11:33:24","slug":"a-empresa","status":"publish","type":"page","link":"https:\/\/interaudit.com.br\/index.php\/a-empresa\/","title":{"rendered":"A Empresa"},"content":{"rendered":"\t\t<div data-elementor-type=\"wp-page\" data-elementor-id=\"33\" class=\"elementor elementor-33\" data-elementor-settings=\"[]\">\n\t\t\t\t\t\t\t<div class=\"elementor-section-wrap\">\n\t\t\t\t\t\t\t<section class=\"elementor-section elementor-top-section elementor-element elementor-element-34a7e51d elementor-section-boxed elementor-section-height-default elementor-section-height-default\" data-id=\"34a7e51d\" data-element_type=\"section\">\n\t\t\t\t\t\t<div class=\"elementor-container elementor-column-gap-default\">\n\t\t\t\t\t<div class=\"elementor-column elementor-col-50 elementor-top-column elementor-element elementor-element-4d881dfe\" data-id=\"4d881dfe\" data-element_type=\"column\">\n\t\t\t<div class=\"elementor-widget-wrap elementor-element-populated\">\n\t\t\t\t\t\t\t\t<div class=\"elementor-element elementor-element-4f63cca1 elementor-widget elementor-widget-heading\" data-id=\"4f63cca1\" data-element_type=\"widget\" data-widget_type=\"heading.default\">\n\t\t\t\t<div class=\"elementor-widget-container\">\n\t\t\t<h2 class=\"elementor-heading-title elementor-size-default\">A EMPRESA<\/h2>\t\t<\/div>\n\t\t\t\t<\/div>\n\t\t\t\t\t<\/div>\n\t\t<\/div>\n\t\t\t\t<div class=\"elementor-column elementor-col-50 elementor-top-column elementor-element elementor-element-100b282a\" data-id=\"100b282a\" data-element_type=\"column\">\n\t\t\t<div class=\"elementor-widget-wrap elementor-element-populated\">\n\t\t\t\t\t\t\t\t<div class=\"elementor-element elementor-element-5489364f elementor-widget elementor-widget-heading\" data-id=\"5489364f\" data-element_type=\"widget\" data-widget_type=\"heading.default\">\n\t\t\t\t<div class=\"elementor-widget-container\">\n\t\t\t<h2 class=\"elementor-heading-title elementor-size-default\">CONHE\u00c7A A INTERAUDIT<\/h2>\t\t<\/div>\n\t\t\t\t<\/div>\n\t\t\t\t<div class=\"elementor-element elementor-element-65150281 elementor-widget elementor-widget-heading\" data-id=\"65150281\" data-element_type=\"widget\" data-widget_type=\"heading.default\">\n\t\t\t\t<div class=\"elementor-widget-container\">\n\t\t\t<h4 class=\"elementor-heading-title elementor-size-default\">uma empresa de tradi\u00e7\u00e3o e Confiabilidade<\/h4>\t\t<\/div>\n\t\t\t\t<\/div>\n\t\t\t\t\t<\/div>\n\t\t<\/div>\n\t\t\t\t\t\t\t<\/div>\n\t\t<\/section>\n\t\t\t\t<section class=\"elementor-section elementor-top-section elementor-element elementor-element-69a32684 elementor-section-height-min-height elementor-section-boxed elementor-section-height-default elementor-section-items-middle\" data-id=\"69a32684\" data-element_type=\"section\">\n\t\t\t\t\t\t<div class=\"elementor-container elementor-column-gap-wider\">\n\t\t\t\t\t<div class=\"elementor-column elementor-col-50 elementor-top-column elementor-element elementor-element-7d218e65\" data-id=\"7d218e65\" data-element_type=\"column\">\n\t\t\t<div class=\"elementor-widget-wrap elementor-element-populated\">\n\t\t\t\t\t\t\t\t<div class=\"elementor-element elementor-element-11038db6 elementor-widget elementor-widget-image\" data-id=\"11038db6\" data-element_type=\"widget\" data-widget_type=\"image.default\">\n\t\t\t\t<div class=\"elementor-widget-container\">\n\t\t\t\t\t\t\t\t\t\t\t\t\t\t\t<img loading=\"lazy\" decoding=\"async\" width=\"768\" height=\"512\" src=\"https:\/\/interaudit.com.br\/wp-content\/uploads\/2021\/05\/mesa-5-768x512.jpeg\" class=\"attachment-medium_large size-medium_large\" alt=\"\" srcset=\"https:\/\/interaudit.com.br\/wp-content\/uploads\/2021\/05\/mesa-5-768x512.jpeg 768w, https:\/\/interaudit.com.br\/wp-content\/uploads\/2021\/05\/mesa-5-300x200.jpeg 300w, https:\/\/interaudit.com.br\/wp-content\/uploads\/2021\/05\/mesa-5-1024x682.jpeg 1024w, https:\/\/interaudit.com.br\/wp-content\/uploads\/2021\/05\/mesa-5.jpeg 1280w\" sizes=\"auto, (max-width: 768px) 100vw, 768px\" \/>\t\t\t\t\t\t\t\t\t\t\t\t\t\t\t<\/div>\n\t\t\t\t<\/div>\n\t\t\t\t\t<\/div>\n\t\t<\/div>\n\t\t\t\t<div class=\"elementor-column elementor-col-50 elementor-top-column elementor-element elementor-element-14a70874\" data-id=\"14a70874\" data-element_type=\"column\" data-settings=\"{&quot;background_background&quot;:&quot;classic&quot;}\">\n\t\t\t<div class=\"elementor-widget-wrap elementor-element-populated\">\n\t\t\t\t\t\t\t\t<div class=\"elementor-element elementor-element-92af41e elementor-hidden-phone elementor-widget elementor-widget-spacer\" data-id=\"92af41e\" data-element_type=\"widget\" data-widget_type=\"spacer.default\">\n\t\t\t\t<div class=\"elementor-widget-container\">\n\t\t\t\t\t<div class=\"elementor-spacer\">\n\t\t\t<div class=\"elementor-spacer-inner\"><\/div>\n\t\t<\/div>\n\t\t\t\t<\/div>\n\t\t\t\t<\/div>\n\t\t\t\t<div class=\"elementor-element elementor-element-bb7a9ff elementor-widget elementor-widget-text-editor\" data-id=\"bb7a9ff\" data-element_type=\"widget\" data-widget_type=\"text-editor.default\">\n\t\t\t\t<div class=\"elementor-widget-container\">\n\t\t\t\t\t\t\t<p><strong>A INTERAUDIT<\/strong>, foi fundada em <strong>11\/12\/1986<\/strong>, possuindo vasta experi\u00eancia em legaliza\u00e7\u00e3o de empresas nacionais nos mais diversos segmentos de mercado, propondo sempre a fornecer solu\u00e7\u00f5es pr\u00e1ticas e imediatas.<\/p>\t\t\t\t\t\t<\/div>\n\t\t\t\t<\/div>\n\t\t\t\t<div class=\"elementor-element elementor-element-30b4cce elementor-hidden-phone elementor-widget elementor-widget-spacer\" data-id=\"30b4cce\" data-element_type=\"widget\" data-widget_type=\"spacer.default\">\n\t\t\t\t<div class=\"elementor-widget-container\">\n\t\t\t\t\t<div class=\"elementor-spacer\">\n\t\t\t<div class=\"elementor-spacer-inner\"><\/div>\n\t\t<\/div>\n\t\t\t\t<\/div>\n\t\t\t\t<\/div>\n\t\t\t\t\t<\/div>\n\t\t<\/div>\n\t\t\t\t\t\t\t<\/div>\n\t\t<\/section>\n\t\t\t\t<section class=\"elementor-section elementor-top-section elementor-element elementor-element-2a46271b elementor-hidden-phone elementor-section-boxed elementor-section-height-default elementor-section-height-default\" data-id=\"2a46271b\" data-element_type=\"section\">\n\t\t\t\t\t\t<div class=\"elementor-container elementor-column-gap-default\">\n\t\t\t\t\t<div class=\"elementor-column elementor-col-100 elementor-top-column elementor-element elementor-element-75855dd\" data-id=\"75855dd\" data-element_type=\"column\">\n\t\t\t<div class=\"elementor-widget-wrap elementor-element-populated\">\n\t\t\t\t\t\t\t\t<div class=\"elementor-element elementor-element-2cbf5d40 elementor-widget elementor-widget-text-editor\" data-id=\"2cbf5d40\" data-element_type=\"widget\" data-widget_type=\"text-editor.default\">\n\t\t\t\t<div class=\"elementor-widget-container\">\n\t\t\t\t\t\t\t<p><strong style=\"font-family: var( --e-global-typography-text-font-family ), Sans-serif; font-size: 1.1em;\">ESTRUTURA &#8211; <\/strong><span style=\"font-family: var( --e-global-typography-text-font-family ), Sans-serif; font-size: 1.1em;\">A estrutura \u00e9 moderna e departamentizada e uma equipe de trabalho constantemente treinada e atualizada, fazem da <strong>INTERAUDIT<\/strong>, um escrit\u00f3rio confi\u00e1vel, seguro e eficaz. Atua nas \u00e1reas de assessoria cont\u00e1bil, fiscal, trabalhista, societ\u00e1ria e Jur\u00eddica.<\/span><\/p><p><strong>MISS\u00c3O &#8211;\u00a0<\/strong>Buscar qualidade, efici\u00eancia, profissionalismo e, sobretudo a satisfa\u00e7\u00e3o do cliente, atendendo as necessidades de cada cliente, com precis\u00e3o e confiabilidade aos objetivos empresariais, trabalhando sempre para que sua empresa fique menos burocratizada e mais competitiva.<\/p><p><strong>VIS\u00c3O &#8211;\u00a0<\/strong>Sermos reconhecidos pelos nossos padr\u00f5es \u00e9ticos e compet\u00eancia empresarial.inter<\/p>\t\t\t\t\t\t<\/div>\n\t\t\t\t<\/div>\n\t\t\t\t\t<\/div>\n\t\t<\/div>\n\t\t\t\t\t\t\t<\/div>\n\t\t<\/section>\n\t\t\t\t<section class=\"elementor-section elementor-top-section elementor-element elementor-element-7be820b elementor-hidden-desktop elementor-hidden-tablet elementor-section-boxed elementor-section-height-default elementor-section-height-default\" data-id=\"7be820b\" data-element_type=\"section\" data-settings=\"{&quot;background_background&quot;:&quot;classic&quot;}\">\n\t\t\t\t\t\t<div class=\"elementor-container elementor-column-gap-default\">\n\t\t\t\t\t<div class=\"elementor-column elementor-col-100 elementor-top-column elementor-element elementor-element-2600edbf\" data-id=\"2600edbf\" data-element_type=\"column\">\n\t\t\t<div class=\"elementor-widget-wrap elementor-element-populated\">\n\t\t\t\t\t\t\t\t<div class=\"elementor-element elementor-element-2ba58382 elementor-widget elementor-widget-text-editor\" data-id=\"2ba58382\" data-element_type=\"widget\" data-widget_type=\"text-editor.default\">\n\t\t\t\t<div class=\"elementor-widget-container\">\n\t\t\t\t\t\t\t<p><strong style=\"font-family: var( --e-global-typography-text-font-family ), Sans-serif; font-size: 1.1em;\">ESTRUTURA &#8211;\u00a0<\/strong><span style=\"font-family: var( --e-global-typography-text-font-family ), Sans-serif; font-size: 1.1em;\">A estrutura \u00e9 moderna e departamentizada e sua equipe de trabalho constantemente treinada e atualizada, fazem da <strong>INTERAUDIT<\/strong>, um escrit\u00f3rio confi\u00e1vel, seguro e eficaz que atua nas \u00e1reas de assessoria cont\u00e1bil, fiscal, trabalhista, societ\u00e1ria e Jur\u00eddica.<\/span><\/p><p><strong>MISS\u00c3O &#8211;\u00a0<\/strong>Buscar qualidade, efici\u00eancia, profissionalismo e, sobretudo a satisfa\u00e7\u00e3o do cliente, atendendo as necessidades de cada cliente, com precis\u00e3o e confiabilidade aos objetivos empresariais, trabalhando sempre para que sua empresa fique menos burocratizada e mais competitiva.<\/p><p><strong>VIS\u00c3O &#8211;\u00a0<\/strong>Sermos reconhecidos pelos nossos padr\u00f5es \u00e9ticos e compet\u00eancia empresarial.<\/p>\t\t\t\t\t\t<\/div>\n\t\t\t\t<\/div>\n\t\t\t\t\t<\/div>\n\t\t<\/div>\n\t\t\t\t\t\t\t<\/div>\n\t\t<\/section>\n\t\t\t\t\t\t<\/div>\n\t\t\t\t\t<\/div>\n\t\t","protected":false},"excerpt":{"rendered":"<p>A EMPRESA CONHE\u00c7A A INTERAUDIT uma empresa de tradi\u00e7\u00e3o e Confiabilidade A INTERAUDIT, foi fundada em 11\/12\/1986, possuindo vasta experi\u00eancia em legaliza\u00e7\u00e3o de empresas nacionais nos mais diversos segmentos de mercado, propondo sempre a fornecer solu\u00e7\u00f5es pr\u00e1ticas e imediatas. ESTRUTURA &#8211; A estrutura \u00e9 moderna e departamentizada e uma equipe de trabalho constantemente treinada e [&hellip;]<\/p>\n","protected":false},"author":1,"featured_media":0,"parent":0,"menu_order":0,"comment_status":"closed","ping_status":"closed","template":"elementor_header_footer","meta":{"footnotes":""},"class_list":["post-33","page","type-page","status-publish","hentry"],"_links":{"self":[{"href":"https:\/\/interaudit.com.br\/index.php\/wp-json\/wp\/v2\/pages\/33","targetHints":{"allow":["GET"]}}],"collection":[{"href":"https:\/\/interaudit.com.br\/index.php\/wp-json\/wp\/v2\/pages"}],"about":[{"href":"https:\/\/interaudit.com.br\/index.php\/wp-json\/wp\/v2\/types\/page"}],"author":[{"embeddable":true,"href":"https:\/\/interaudit.com.br\/index.php\/wp-json\/wp\/v2\/users\/1"}],"replies":[{"embeddable":true,"href":"https:\/\/interaudit.com.br\/index.php\/wp-json\/wp\/v2\/comments?post=33"}],"version-history":[{"count":127,"href":"https:\/\/interaudit.com.br\/index.php\/wp-json\/wp\/v2\/pages\/33\/revisions"}],"predecessor-version":[{"id":680,"href":"https:\/\/interaudit.com.br\/index.php\/wp-json\/wp\/v2\/pages\/33\/revisions\/680"}],"wp:attachment":[{"href":"https:\/\/interaudit.com.br\/index.php\/wp-json\/wp\/v2\/media?parent=33"}],"curies":[{"name":"wp","href":"https:\/\/api.w.org\/{rel}","templated":true}]}}