{"id":2566,"date":"2023-01-20T17:28:19","date_gmt":"2023-01-20T17:28:19","guid":{"rendered":"https:\/\/interaudit.com.br\/?page_id=2566"},"modified":"2023-01-20T17:29:36","modified_gmt":"2023-01-20T17:29:36","slug":"boletim-informativo-2o-semana-de-janeiro-2023","status":"publish","type":"page","link":"https:\/\/interaudit.com.br\/index.php\/boletim-informativo-2o-semana-de-janeiro-2023\/","title":{"rendered":"Boletim Informativo 2\u00ba Semana de Janeiro\/2023"},"content":{"rendered":"\t\t<div data-elementor-type=\"wp-page\" data-elementor-id=\"2566\" class=\"elementor elementor-2566\" data-elementor-settings=\"[]\">\n\t\t\t\t\t\t\t<div class=\"elementor-section-wrap\">\n\t\t\t\t\t\t\t<section class=\"elementor-section elementor-top-section elementor-element elementor-element-3325f99 elementor-section-boxed elementor-section-height-default elementor-section-height-default\" data-id=\"3325f99\" data-element_type=\"section\">\n\t\t\t\t\t\t<div class=\"elementor-container elementor-column-gap-default\">\n\t\t\t\t\t<div class=\"elementor-column elementor-col-100 elementor-top-column elementor-element elementor-element-5a9fefab\" data-id=\"5a9fefab\" data-element_type=\"column\">\n\t\t\t<div class=\"elementor-widget-wrap elementor-element-populated\">\n\t\t\t\t\t\t\t\t<section class=\"elementor-section elementor-inner-section elementor-element elementor-element-3e101e78 elementor-section-boxed elementor-section-height-default elementor-section-height-default\" data-id=\"3e101e78\" data-element_type=\"section\">\n\t\t\t\t\t\t<div class=\"elementor-container elementor-column-gap-default\">\n\t\t\t\t\t<div class=\"elementor-column elementor-col-50 elementor-inner-column elementor-element elementor-element-10c5a672\" data-id=\"10c5a672\" data-element_type=\"column\">\n\t\t\t<div class=\"elementor-widget-wrap elementor-element-populated\">\n\t\t\t\t\t\t\t\t<div class=\"elementor-element elementor-element-11c30ce2 elementor-widget elementor-widget-image\" data-id=\"11c30ce2\" data-element_type=\"widget\" data-widget_type=\"image.default\">\n\t\t\t\t<div class=\"elementor-widget-container\">\n\t\t\t\t\t\t\t\t\t\t\t\t\t\t\t<img loading=\"lazy\" decoding=\"async\" width=\"664\" height=\"120\" src=\"https:\/\/interaudit.com.br\/wp-content\/uploads\/2021\/04\/logo-horizontal.jpg\" class=\"attachment-large size-large\" alt=\"\" srcset=\"https:\/\/interaudit.com.br\/wp-content\/uploads\/2021\/04\/logo-horizontal.jpg 664w, https:\/\/interaudit.com.br\/wp-content\/uploads\/2021\/04\/logo-horizontal-300x54.jpg 300w\" sizes=\"auto, (max-width: 664px) 100vw, 664px\" \/>\t\t\t\t\t\t\t\t\t\t\t\t\t\t\t<\/div>\n\t\t\t\t<\/div>\n\t\t\t\t\t<\/div>\n\t\t<\/div>\n\t\t\t\t<div class=\"elementor-column elementor-col-50 elementor-inner-column elementor-element elementor-element-5d4eb7f4\" data-id=\"5d4eb7f4\" data-element_type=\"column\">\n\t\t\t<div class=\"elementor-widget-wrap elementor-element-populated\">\n\t\t\t\t\t\t\t\t<div class=\"elementor-element elementor-element-b38d581 elementor-view-default elementor-widget elementor-widget-icon\" data-id=\"b38d581\" data-element_type=\"widget\" data-widget_type=\"icon.default\">\n\t\t\t\t<div class=\"elementor-widget-container\">\n\t\t\t\t\t<div class=\"elementor-icon-wrapper\">\n\t\t\t<a class=\"elementor-icon\" href=\"https:\/\/instagram.com\/interaudit_contabil?utm_medium=copy_link\" target=\"_blank\">\n\t\t\t<i aria-hidden=\"true\" class=\"fab fa-instagram\"><\/i>\t\t\t<\/a>\n\t\t<\/div>\n\t\t\t\t<\/div>\n\t\t\t\t<\/div>\n\t\t\t\t\t<\/div>\n\t\t<\/div>\n\t\t\t\t\t\t\t<\/div>\n\t\t<\/section>\n\t\t\t\t\t<\/div>\n\t\t<\/div>\n\t\t\t\t\t\t\t<\/div>\n\t\t<\/section>\n\t\t\t\t<section class=\"elementor-section elementor-top-section elementor-element elementor-element-593da226 elementor-section-boxed elementor-section-height-default elementor-section-height-default\" data-id=\"593da226\" data-element_type=\"section\" data-settings=\"{&quot;background_background&quot;:&quot;classic&quot;}\">\n\t\t\t\t\t\t<div class=\"elementor-container elementor-column-gap-default\">\n\t\t\t\t\t<div class=\"elementor-column elementor-col-100 elementor-top-column elementor-element elementor-element-3aa1e064\" data-id=\"3aa1e064\" data-element_type=\"column\" data-settings=\"{&quot;background_background&quot;:&quot;classic&quot;}\">\n\t\t\t<div class=\"elementor-widget-wrap elementor-element-populated\">\n\t\t\t\t\t\t\t\t<section class=\"elementor-section elementor-inner-section elementor-element elementor-element-5ba6fcb8 elementor-section-boxed elementor-section-height-default elementor-section-height-default\" data-id=\"5ba6fcb8\" data-element_type=\"section\">\n\t\t\t\t\t\t<div class=\"elementor-container elementor-column-gap-default\">\n\t\t\t\t\t<div class=\"elementor-column elementor-col-50 elementor-inner-column elementor-element elementor-element-7f5ba89a\" data-id=\"7f5ba89a\" data-element_type=\"column\">\n\t\t\t<div class=\"elementor-widget-wrap elementor-element-populated\">\n\t\t\t\t\t\t\t\t<div class=\"elementor-element elementor-element-1c947b7d elementor-widget elementor-widget-heading\" data-id=\"1c947b7d\" data-element_type=\"widget\" data-widget_type=\"heading.default\">\n\t\t\t\t<div class=\"elementor-widget-container\">\n\t\t\t<h2 class=\"elementor-heading-title elementor-size-default\">Boletim Informativo 2 Semana de Janeiro 2023<\/h2>\t\t<\/div>\n\t\t\t\t<\/div>\n\t\t\t\t\t<\/div>\n\t\t<\/div>\n\t\t\t\t<div class=\"elementor-column elementor-col-50 elementor-inner-column elementor-element elementor-element-736cc1e5\" data-id=\"736cc1e5\" data-element_type=\"column\">\n\t\t\t<div class=\"elementor-widget-wrap elementor-element-populated\">\n\t\t\t\t\t\t\t\t<div class=\"elementor-element elementor-element-25be559c elementor-widget elementor-widget-heading\" data-id=\"25be559c\" data-element_type=\"widget\" data-widget_type=\"heading.default\">\n\t\t\t\t<div class=\"elementor-widget-container\">\n\t\t\t<h2 class=\"elementor-heading-title elementor-size-default\">Edi\u00e7\u00e3o 002\/2023<\/h2>\t\t<\/div>\n\t\t\t\t<\/div>\n\t\t\t\t\t<\/div>\n\t\t<\/div>\n\t\t\t\t\t\t\t<\/div>\n\t\t<\/section>\n\t\t\t\t\t<\/div>\n\t\t<\/div>\n\t\t\t\t\t\t\t<\/div>\n\t\t<\/section>\n\t\t\t\t<section class=\"elementor-section elementor-top-section elementor-element elementor-element-6dec8fd7 elementor-section-boxed elementor-section-height-default elementor-section-height-default\" data-id=\"6dec8fd7\" data-element_type=\"section\">\n\t\t\t\t\t\t<div class=\"elementor-container elementor-column-gap-default\">\n\t\t\t\t\t<div class=\"elementor-column elementor-col-100 elementor-top-column elementor-element elementor-element-751f7e4c\" data-id=\"751f7e4c\" data-element_type=\"column\" data-settings=\"{&quot;background_background&quot;:&quot;classic&quot;}\">\n\t\t\t<div class=\"elementor-widget-wrap elementor-element-populated\">\n\t\t\t\t\t\t\t\t<div class=\"elementor-element elementor-element-11aaa70f elementor-grid-2 elementor-grid-tablet-2 elementor-grid-mobile-1 elementor-posts--thumbnail-top elementor-card-shadow-yes elementor-posts__hover-gradient elementor-widget elementor-widget-posts\" data-id=\"11aaa70f\" data-element_type=\"widget\" data-settings=\"{&quot;cards_columns&quot;:&quot;2&quot;,&quot;cards_columns_tablet&quot;:&quot;2&quot;,&quot;cards_columns_mobile&quot;:&quot;1&quot;,&quot;cards_row_gap&quot;:{&quot;unit&quot;:&quot;px&quot;,&quot;size&quot;:35,&quot;sizes&quot;:[]},&quot;cards_row_gap_tablet&quot;:{&quot;unit&quot;:&quot;px&quot;,&quot;size&quot;:&quot;&quot;,&quot;sizes&quot;:[]},&quot;cards_row_gap_mobile&quot;:{&quot;unit&quot;:&quot;px&quot;,&quot;size&quot;:&quot;&quot;,&quot;sizes&quot;:[]}}\" data-widget_type=\"posts.cards\">\n\t\t\t\t<div class=\"elementor-widget-container\">\n\t\t\t\t\t<div class=\"elementor-posts-container elementor-posts elementor-posts--skin-cards elementor-grid\">\n\t\t\t\t<article class=\"elementor-post elementor-grid-item post-2563 post type-post status-publish format-standard has-post-thumbnail hentry category-uncategorized\">\n\t\t\t<div class=\"elementor-post__card\">\n\t\t\t\t<a class=\"elementor-post__thumbnail__link\" href=\"https:\/\/interaudit.com.br\/index.php\/2023\/01\/20\/receita-passa-a-ter-acesso-a-informacoes-financeiras-de-pessoas-fisicas-e-juridicas\/\" ><div class=\"elementor-post__thumbnail\"><img loading=\"lazy\" decoding=\"async\" width=\"300\" height=\"155\" src=\"https:\/\/interaudit.com.br\/wp-content\/uploads\/2023\/01\/n_53159_2542488dfa77d3ac37ddd1f9bc42269a-300x155.jpg\" class=\"attachment-medium size-medium\" alt=\"\" srcset=\"https:\/\/interaudit.com.br\/wp-content\/uploads\/2023\/01\/n_53159_2542488dfa77d3ac37ddd1f9bc42269a-300x155.jpg 300w, https:\/\/interaudit.com.br\/wp-content\/uploads\/2023\/01\/n_53159_2542488dfa77d3ac37ddd1f9bc42269a-768x397.jpg 768w, https:\/\/interaudit.com.br\/wp-content\/uploads\/2023\/01\/n_53159_2542488dfa77d3ac37ddd1f9bc42269a.jpg 870w\" sizes=\"auto, (max-width: 300px) 100vw, 300px\" \/><\/div><\/a>\n\t\t\t\t<div class=\"elementor-post__badge\">Trabalho e Previd\u00eancia<\/div>\n\t\t\t\t<div class=\"elementor-post__text\">\n\t\t\t\t<h3 class=\"elementor-post__title\">\n\t\t\t<a href=\"https:\/\/interaudit.com.br\/index.php\/2023\/01\/20\/receita-passa-a-ter-acesso-a-informacoes-financeiras-de-pessoas-fisicas-e-juridicas\/\" >\n\t\t\t\tReceita passa a ter acesso a informa\u00e7\u00f5es financeiras de pessoas f\u00edsicas e jur\u00eddicas\t\t\t<\/a>\n\t\t<\/h3>\n\t\t\t\t<div class=\"elementor-post__excerpt\">\n\t\t\t<p>Bancos devem repassar informa\u00e7\u00f5es financeiras referentes a 2022. A Receita Federal passar\u00e1 a acompanhar dados e transa\u00e7\u00f5es de todas as<\/p>\n\t\t<\/div>\n\t\t\t\t\t<a class=\"elementor-post__read-more\" href=\"https:\/\/interaudit.com.br\/index.php\/2023\/01\/20\/receita-passa-a-ter-acesso-a-informacoes-financeiras-de-pessoas-fisicas-e-juridicas\/\" >\n\t\t\t\tLeia mais \u00bb\t\t\t<\/a>\n\t\t\t\t<\/div>\n\t\t\t\t<div class=\"elementor-post__meta-data\">\n\t\t\t\t\t<span class=\"elementor-post-date\">\n\t\t\tjaneiro 20, 2023\t\t<\/span>\n\t\t\t\t<span class=\"elementor-post-avatar\">\n\t\t\tNenhum coment\u00e1rio\t\t<\/span>\n\t\t\t\t<\/div>\n\t\t\t\t\t<\/div>\n\t\t<\/article>\n\t\t\t\t<article class=\"elementor-post elementor-grid-item post-2559 post type-post status-publish format-standard has-post-thumbnail hentry category-uncategorized\">\n\t\t\t<div class=\"elementor-post__card\">\n\t\t\t\t<a class=\"elementor-post__thumbnail__link\" href=\"https:\/\/interaudit.com.br\/index.php\/2023\/01\/20\/dctf-web-mudanca-na-obrigatoriedade-da-entrega-de-empresas-sem-movimento-comeca-a-valer-ja-em-janeiro\/\" ><div class=\"elementor-post__thumbnail\"><img loading=\"lazy\" decoding=\"async\" width=\"300\" height=\"155\" src=\"https:\/\/interaudit.com.br\/wp-content\/uploads\/2023\/01\/mudancas-na-obrigatoriedade-da-entrega-da-dctf-web-para-empresas-sem-movimento-comecam-a-valer-a-partir-de-janeiro-de-2023-300x155.jpg\" class=\"attachment-medium size-medium\" alt=\"\" srcset=\"https:\/\/interaudit.com.br\/wp-content\/uploads\/2023\/01\/mudancas-na-obrigatoriedade-da-entrega-da-dctf-web-para-empresas-sem-movimento-comecam-a-valer-a-partir-de-janeiro-de-2023-300x155.jpg 300w, https:\/\/interaudit.com.br\/wp-content\/uploads\/2023\/01\/mudancas-na-obrigatoriedade-da-entrega-da-dctf-web-para-empresas-sem-movimento-comecam-a-valer-a-partir-de-janeiro-de-2023-768x397.jpg 768w, https:\/\/interaudit.com.br\/wp-content\/uploads\/2023\/01\/mudancas-na-obrigatoriedade-da-entrega-da-dctf-web-para-empresas-sem-movimento-comecam-a-valer-a-partir-de-janeiro-de-2023.jpg 870w\" sizes=\"auto, (max-width: 300px) 100vw, 300px\" \/><\/div><\/a>\n\t\t\t\t<div class=\"elementor-post__badge\">Trabalho e Previd\u00eancia<\/div>\n\t\t\t\t<div class=\"elementor-post__text\">\n\t\t\t\t<h3 class=\"elementor-post__title\">\n\t\t\t<a href=\"https:\/\/interaudit.com.br\/index.php\/2023\/01\/20\/dctf-web-mudanca-na-obrigatoriedade-da-entrega-de-empresas-sem-movimento-comeca-a-valer-ja-em-janeiro\/\" >\n\t\t\t\tDCTF Web: mudan\u00e7a na obrigatoriedade da entrega de empresas sem movimento come\u00e7a a valer j\u00e1 em janeiro\t\t\t<\/a>\n\t\t<\/h3>\n\t\t\t\t<div class=\"elementor-post__excerpt\">\n\t\t\t<p>Entenda o que muda com a vig\u00eancia da Instru\u00e7\u00e3o Normativa (IN) RFB n.\u00ba 2.094 logo no primeiro m\u00eas do ano.<\/p>\n\t\t<\/div>\n\t\t\t\t\t<a class=\"elementor-post__read-more\" href=\"https:\/\/interaudit.com.br\/index.php\/2023\/01\/20\/dctf-web-mudanca-na-obrigatoriedade-da-entrega-de-empresas-sem-movimento-comeca-a-valer-ja-em-janeiro\/\" >\n\t\t\t\tLeia mais \u00bb\t\t\t<\/a>\n\t\t\t\t<\/div>\n\t\t\t\t<div class=\"elementor-post__meta-data\">\n\t\t\t\t\t<span class=\"elementor-post-date\">\n\t\t\tjaneiro 20, 2023\t\t<\/span>\n\t\t\t\t<span class=\"elementor-post-avatar\">\n\t\t\tNenhum coment\u00e1rio\t\t<\/span>\n\t\t\t\t<\/div>\n\t\t\t\t\t<\/div>\n\t\t<\/article>\n\t\t\t\t<article class=\"elementor-post elementor-grid-item post-2556 post type-post status-publish format-standard has-post-thumbnail hentry category-uncategorized\">\n\t\t\t<div class=\"elementor-post__card\">\n\t\t\t\t<a class=\"elementor-post__thumbnail__link\" href=\"https:\/\/interaudit.com.br\/index.php\/2023\/01\/20\/quase-5-milhoes-de-meis-estao-com-dividas-no-inss\/\" ><div class=\"elementor-post__thumbnail\"><img loading=\"lazy\" decoding=\"async\" width=\"300\" height=\"155\" src=\"https:\/\/interaudit.com.br\/wp-content\/uploads\/2023\/01\/quase-5-milhoes-de-meis-estao-com-dividas-no-inss-300x155.jpg\" class=\"attachment-medium size-medium\" alt=\"\" srcset=\"https:\/\/interaudit.com.br\/wp-content\/uploads\/2023\/01\/quase-5-milhoes-de-meis-estao-com-dividas-no-inss-300x155.jpg 300w, https:\/\/interaudit.com.br\/wp-content\/uploads\/2023\/01\/quase-5-milhoes-de-meis-estao-com-dividas-no-inss-768x397.jpg 768w, https:\/\/interaudit.com.br\/wp-content\/uploads\/2023\/01\/quase-5-milhoes-de-meis-estao-com-dividas-no-inss.jpg 870w\" sizes=\"auto, (max-width: 300px) 100vw, 300px\" \/><\/div><\/a>\n\t\t\t\t<div class=\"elementor-post__badge\">Trabalho e Previd\u00eancia<\/div>\n\t\t\t\t<div class=\"elementor-post__text\">\n\t\t\t\t<h3 class=\"elementor-post__title\">\n\t\t\t<a href=\"https:\/\/interaudit.com.br\/index.php\/2023\/01\/20\/quase-5-milhoes-de-meis-estao-com-dividas-no-inss\/\" >\n\t\t\t\tQuase 5 milh\u00f5es de MEIs est\u00e3o com d\u00edvidas no INSS\t\t\t<\/a>\n\t\t<\/h3>\n\t\t\t\t<div class=\"elementor-post__excerpt\">\n\t\t\t<p>A d\u00edvida dos Microempreendedores Individuais somam o total de R$ 59,5 milh\u00f5es. Cerca de 5 milh\u00f5es de Microempreendedores Individuais (MEIs)<\/p>\n\t\t<\/div>\n\t\t\t\t\t<a class=\"elementor-post__read-more\" href=\"https:\/\/interaudit.com.br\/index.php\/2023\/01\/20\/quase-5-milhoes-de-meis-estao-com-dividas-no-inss\/\" >\n\t\t\t\tLeia mais \u00bb\t\t\t<\/a>\n\t\t\t\t<\/div>\n\t\t\t\t<div class=\"elementor-post__meta-data\">\n\t\t\t\t\t<span class=\"elementor-post-date\">\n\t\t\tjaneiro 20, 2023\t\t<\/span>\n\t\t\t\t<span class=\"elementor-post-avatar\">\n\t\t\tNenhum coment\u00e1rio\t\t<\/span>\n\t\t\t\t<\/div>\n\t\t\t\t\t<\/div>\n\t\t<\/article>\n\t\t\t\t<article class=\"elementor-post elementor-grid-item post-2552 post type-post status-publish format-standard has-post-thumbnail hentry category-uncategorized\">\n\t\t\t<div class=\"elementor-post__card\">\n\t\t\t\t<a class=\"elementor-post__thumbnail__link\" href=\"https:\/\/interaudit.com.br\/index.php\/2023\/01\/20\/nova-lei-cambial-ja-esta-vigente-e-permite-compra-e-venda-de-moeda-estrangeira-entre-pessoas-fisicas-de-ate-us-500\/\" ><div class=\"elementor-post__thumbnail\"><img loading=\"lazy\" decoding=\"async\" width=\"300\" height=\"155\" src=\"https:\/\/interaudit.com.br\/wp-content\/uploads\/2023\/01\/nova-lei-cambial-permite-compra-e-venda-de-moeda-estrangeira-entre-pessoas-fisicas-ate-us-500-veja-regras-300x155.jpg\" class=\"attachment-medium size-medium\" alt=\"\" srcset=\"https:\/\/interaudit.com.br\/wp-content\/uploads\/2023\/01\/nova-lei-cambial-permite-compra-e-venda-de-moeda-estrangeira-entre-pessoas-fisicas-ate-us-500-veja-regras-300x155.jpg 300w, https:\/\/interaudit.com.br\/wp-content\/uploads\/2023\/01\/nova-lei-cambial-permite-compra-e-venda-de-moeda-estrangeira-entre-pessoas-fisicas-ate-us-500-veja-regras-768x397.jpg 768w, https:\/\/interaudit.com.br\/wp-content\/uploads\/2023\/01\/nova-lei-cambial-permite-compra-e-venda-de-moeda-estrangeira-entre-pessoas-fisicas-ate-us-500-veja-regras.jpg 870w\" sizes=\"auto, (max-width: 300px) 100vw, 300px\" \/><\/div><\/a>\n\t\t\t\t<div class=\"elementor-post__badge\">Trabalho e Previd\u00eancia<\/div>\n\t\t\t\t<div class=\"elementor-post__text\">\n\t\t\t\t<h3 class=\"elementor-post__title\">\n\t\t\t<a href=\"https:\/\/interaudit.com.br\/index.php\/2023\/01\/20\/nova-lei-cambial-ja-esta-vigente-e-permite-compra-e-venda-de-moeda-estrangeira-entre-pessoas-fisicas-de-ate-us-500\/\" >\n\t\t\t\tNova Lei Cambial j\u00e1 est\u00e1 vigente e permite compra e venda de moeda estrangeira entre pessoas f\u00edsicas de at\u00e9 US$ 500\t\t\t<\/a>\n\t\t<\/h3>\n\t\t\t\t<div class=\"elementor-post__excerpt\">\n\t\t\t<p>A Lei n\u00ba 14.286\/2021 foi sancionada em 2021 mas passou a valer no dia 31 de dezembro de 2022. A<\/p>\n\t\t<\/div>\n\t\t\t\t\t<a class=\"elementor-post__read-more\" href=\"https:\/\/interaudit.com.br\/index.php\/2023\/01\/20\/nova-lei-cambial-ja-esta-vigente-e-permite-compra-e-venda-de-moeda-estrangeira-entre-pessoas-fisicas-de-ate-us-500\/\" >\n\t\t\t\tLeia mais \u00bb\t\t\t<\/a>\n\t\t\t\t<\/div>\n\t\t\t\t<div class=\"elementor-post__meta-data\">\n\t\t\t\t\t<span class=\"elementor-post-date\">\n\t\t\tjaneiro 20, 2023\t\t<\/span>\n\t\t\t\t<span class=\"elementor-post-avatar\">\n\t\t\tNenhum coment\u00e1rio\t\t<\/span>\n\t\t\t\t<\/div>\n\t\t\t\t\t<\/div>\n\t\t<\/article>\n\t\t\t\t<\/div>\n\n\n\t\t\n\t\t\t\t<\/div>\n\t\t\t\t<\/div>\n\t\t\t\t\t<\/div>\n\t\t<\/div>\n\t\t\t\t\t\t\t<\/div>\n\t\t<\/section>\n\t\t\t\t\t\t<\/div>\n\t\t\t\t\t<\/div>\n\t\t","protected":false},"excerpt":{"rendered":"<p>Boletim Informativo 2 Semana de Janeiro 2023 Edi\u00e7\u00e3o 002\/2023<\/p>\n","protected":false},"author":2,"featured_media":0,"parent":0,"menu_order":0,"comment_status":"closed","ping_status":"closed","template":"","meta":{"footnotes":""},"class_list":["post-2566","page","type-page","status-publish","hentry"],"_links":{"self":[{"href":"https:\/\/interaudit.com.br\/index.php\/wp-json\/wp\/v2\/pages\/2566","targetHints":{"allow":["GET"]}}],"collection":[{"href":"https:\/\/interaudit.com.br\/index.php\/wp-json\/wp\/v2\/pages"}],"about":[{"href":"https:\/\/interaudit.com.br\/index.php\/wp-json\/wp\/v2\/types\/page"}],"author":[{"embeddable":true,"href":"https:\/\/interaudit.com.br\/index.php\/wp-json\/wp\/v2\/users\/2"}],"replies":[{"embeddable":true,"href":"https:\/\/interaudit.com.br\/index.php\/wp-json\/wp\/v2\/comments?post=2566"}],"version-history":[{"count":4,"href":"https:\/\/interaudit.com.br\/index.php\/wp-json\/wp\/v2\/pages\/2566\/revisions"}],"predecessor-version":[{"id":2570,"href":"https:\/\/interaudit.com.br\/index.php\/wp-json\/wp\/v2\/pages\/2566\/revisions\/2570"}],"wp:attachment":[{"href":"https:\/\/interaudit.com.br\/index.php\/wp-json\/wp\/v2\/media?parent=2566"}],"curies":[{"name":"wp","href":"https:\/\/api.w.org\/{rel}","templated":true}]}}