{"id":2343,"date":"2022-07-25T12:41:25","date_gmt":"2022-07-25T12:41:25","guid":{"rendered":"https:\/\/interaudit.com.br\/?page_id=2343"},"modified":"2022-07-25T12:42:29","modified_gmt":"2022-07-25T12:42:29","slug":"boletim-informativo-4o-semana-de-julho-2022","status":"publish","type":"page","link":"https:\/\/interaudit.com.br\/index.php\/boletim-informativo-4o-semana-de-julho-2022\/","title":{"rendered":"Boletim Informativo 4\u00ba Semana de Julho\/2022"},"content":{"rendered":"\t\t<div data-elementor-type=\"wp-page\" data-elementor-id=\"2343\" class=\"elementor elementor-2343\" data-elementor-settings=\"[]\">\n\t\t\t\t\t\t\t<div class=\"elementor-section-wrap\">\n\t\t\t\t\t\t\t<section class=\"elementor-section elementor-top-section elementor-element elementor-element-27b94ff9 elementor-section-boxed elementor-section-height-default elementor-section-height-default\" data-id=\"27b94ff9\" data-element_type=\"section\">\n\t\t\t\t\t\t<div class=\"elementor-container elementor-column-gap-default\">\n\t\t\t\t\t<div class=\"elementor-column elementor-col-100 elementor-top-column elementor-element elementor-element-789f0d86\" data-id=\"789f0d86\" data-element_type=\"column\">\n\t\t\t<div class=\"elementor-widget-wrap elementor-element-populated\">\n\t\t\t\t\t\t\t\t<section class=\"elementor-section elementor-inner-section elementor-element elementor-element-cf8b757 elementor-section-boxed elementor-section-height-default elementor-section-height-default\" data-id=\"cf8b757\" data-element_type=\"section\">\n\t\t\t\t\t\t<div class=\"elementor-container elementor-column-gap-default\">\n\t\t\t\t\t<div class=\"elementor-column elementor-col-50 elementor-inner-column elementor-element elementor-element-65f2b1f9\" data-id=\"65f2b1f9\" data-element_type=\"column\">\n\t\t\t<div class=\"elementor-widget-wrap elementor-element-populated\">\n\t\t\t\t\t\t\t\t<div class=\"elementor-element elementor-element-32b04dd3 elementor-widget elementor-widget-image\" data-id=\"32b04dd3\" data-element_type=\"widget\" data-widget_type=\"image.default\">\n\t\t\t\t<div class=\"elementor-widget-container\">\n\t\t\t\t\t\t\t\t\t\t\t\t\t\t\t<img loading=\"lazy\" decoding=\"async\" width=\"664\" height=\"120\" src=\"https:\/\/interaudit.com.br\/wp-content\/uploads\/2021\/04\/logo-horizontal.jpg\" class=\"attachment-large size-large\" alt=\"\" srcset=\"https:\/\/interaudit.com.br\/wp-content\/uploads\/2021\/04\/logo-horizontal.jpg 664w, https:\/\/interaudit.com.br\/wp-content\/uploads\/2021\/04\/logo-horizontal-300x54.jpg 300w\" sizes=\"auto, (max-width: 664px) 100vw, 664px\" \/>\t\t\t\t\t\t\t\t\t\t\t\t\t\t\t<\/div>\n\t\t\t\t<\/div>\n\t\t\t\t\t<\/div>\n\t\t<\/div>\n\t\t\t\t<div class=\"elementor-column elementor-col-50 elementor-inner-column elementor-element elementor-element-3af2b5ec\" data-id=\"3af2b5ec\" data-element_type=\"column\">\n\t\t\t<div class=\"elementor-widget-wrap elementor-element-populated\">\n\t\t\t\t\t\t\t\t<div class=\"elementor-element elementor-element-9d51a9d elementor-view-default elementor-widget elementor-widget-icon\" data-id=\"9d51a9d\" data-element_type=\"widget\" data-widget_type=\"icon.default\">\n\t\t\t\t<div class=\"elementor-widget-container\">\n\t\t\t\t\t<div class=\"elementor-icon-wrapper\">\n\t\t\t<a class=\"elementor-icon\" href=\"https:\/\/instagram.com\/interaudit_contabil?utm_medium=copy_link\" target=\"_blank\">\n\t\t\t<i aria-hidden=\"true\" class=\"fab fa-instagram\"><\/i>\t\t\t<\/a>\n\t\t<\/div>\n\t\t\t\t<\/div>\n\t\t\t\t<\/div>\n\t\t\t\t\t<\/div>\n\t\t<\/div>\n\t\t\t\t\t\t\t<\/div>\n\t\t<\/section>\n\t\t\t\t\t<\/div>\n\t\t<\/div>\n\t\t\t\t\t\t\t<\/div>\n\t\t<\/section>\n\t\t\t\t<section class=\"elementor-section elementor-top-section elementor-element elementor-element-72617aa2 elementor-section-boxed elementor-section-height-default elementor-section-height-default\" data-id=\"72617aa2\" data-element_type=\"section\" data-settings=\"{&quot;background_background&quot;:&quot;classic&quot;}\">\n\t\t\t\t\t\t<div class=\"elementor-container elementor-column-gap-default\">\n\t\t\t\t\t<div class=\"elementor-column elementor-col-100 elementor-top-column elementor-element elementor-element-3c74b1a4\" data-id=\"3c74b1a4\" data-element_type=\"column\" data-settings=\"{&quot;background_background&quot;:&quot;classic&quot;}\">\n\t\t\t<div class=\"elementor-widget-wrap elementor-element-populated\">\n\t\t\t\t\t\t\t\t<section class=\"elementor-section elementor-inner-section elementor-element elementor-element-17570f98 elementor-section-boxed elementor-section-height-default elementor-section-height-default\" data-id=\"17570f98\" data-element_type=\"section\">\n\t\t\t\t\t\t<div class=\"elementor-container elementor-column-gap-default\">\n\t\t\t\t\t<div class=\"elementor-column elementor-col-50 elementor-inner-column elementor-element elementor-element-4d496261\" data-id=\"4d496261\" data-element_type=\"column\">\n\t\t\t<div class=\"elementor-widget-wrap elementor-element-populated\">\n\t\t\t\t\t\t\t\t<div class=\"elementor-element elementor-element-507ea85d elementor-widget elementor-widget-heading\" data-id=\"507ea85d\" data-element_type=\"widget\" data-widget_type=\"heading.default\">\n\t\t\t\t<div class=\"elementor-widget-container\">\n\t\t\t<h2 class=\"elementor-heading-title elementor-size-default\">Boletim Informativo 4 Semana de Julho 2022<\/h2>\t\t<\/div>\n\t\t\t\t<\/div>\n\t\t\t\t\t<\/div>\n\t\t<\/div>\n\t\t\t\t<div class=\"elementor-column elementor-col-50 elementor-inner-column elementor-element elementor-element-3ee798fd\" data-id=\"3ee798fd\" data-element_type=\"column\">\n\t\t\t<div class=\"elementor-widget-wrap elementor-element-populated\">\n\t\t\t\t\t\t\t\t<div class=\"elementor-element elementor-element-1a52a5f1 elementor-widget elementor-widget-heading\" data-id=\"1a52a5f1\" data-element_type=\"widget\" data-widget_type=\"heading.default\">\n\t\t\t\t<div class=\"elementor-widget-container\">\n\t\t\t<h2 class=\"elementor-heading-title elementor-size-default\">Edi\u00e7\u00e3o 0018\/2022<\/h2>\t\t<\/div>\n\t\t\t\t<\/div>\n\t\t\t\t\t<\/div>\n\t\t<\/div>\n\t\t\t\t\t\t\t<\/div>\n\t\t<\/section>\n\t\t\t\t\t<\/div>\n\t\t<\/div>\n\t\t\t\t\t\t\t<\/div>\n\t\t<\/section>\n\t\t\t\t<section class=\"elementor-section elementor-top-section elementor-element elementor-element-5d853f0c elementor-section-boxed elementor-section-height-default elementor-section-height-default\" data-id=\"5d853f0c\" data-element_type=\"section\">\n\t\t\t\t\t\t<div class=\"elementor-container elementor-column-gap-default\">\n\t\t\t\t\t<div class=\"elementor-column elementor-col-100 elementor-top-column elementor-element elementor-element-1373d819\" data-id=\"1373d819\" data-element_type=\"column\" data-settings=\"{&quot;background_background&quot;:&quot;classic&quot;}\">\n\t\t\t<div class=\"elementor-widget-wrap elementor-element-populated\">\n\t\t\t\t\t\t\t\t<div class=\"elementor-element elementor-element-684859bd elementor-grid-2 elementor-grid-tablet-2 elementor-grid-mobile-1 elementor-posts--thumbnail-top elementor-card-shadow-yes elementor-posts__hover-gradient elementor-widget elementor-widget-posts\" data-id=\"684859bd\" data-element_type=\"widget\" data-settings=\"{&quot;cards_columns&quot;:&quot;2&quot;,&quot;cards_columns_tablet&quot;:&quot;2&quot;,&quot;cards_columns_mobile&quot;:&quot;1&quot;,&quot;cards_row_gap&quot;:{&quot;unit&quot;:&quot;px&quot;,&quot;size&quot;:35,&quot;sizes&quot;:[]},&quot;cards_row_gap_tablet&quot;:{&quot;unit&quot;:&quot;px&quot;,&quot;size&quot;:&quot;&quot;,&quot;sizes&quot;:[]},&quot;cards_row_gap_mobile&quot;:{&quot;unit&quot;:&quot;px&quot;,&quot;size&quot;:&quot;&quot;,&quot;sizes&quot;:[]}}\" data-widget_type=\"posts.cards\">\n\t\t\t\t<div class=\"elementor-widget-container\">\n\t\t\t\t\t<div class=\"elementor-posts-container elementor-posts elementor-posts--skin-cards elementor-grid\">\n\t\t\t\t<article class=\"elementor-post elementor-grid-item post-2340 post type-post status-publish format-standard has-post-thumbnail hentry category-uncategorized\">\n\t\t\t<div class=\"elementor-post__card\">\n\t\t\t\t<a class=\"elementor-post__thumbnail__link\" href=\"https:\/\/interaudit.com.br\/index.php\/2022\/07\/25\/receita-federal-disponibiliza-versao-1-3-do-programa-da-dirf\/\" ><div class=\"elementor-post__thumbnail\"><img loading=\"lazy\" decoding=\"async\" width=\"300\" height=\"155\" src=\"https:\/\/interaudit.com.br\/wp-content\/uploads\/2022\/07\/n_52360_c9375cd4bb270609575ff9ef2f7686dc-300x155.jpg\" class=\"attachment-medium size-medium\" alt=\"\" srcset=\"https:\/\/interaudit.com.br\/wp-content\/uploads\/2022\/07\/n_52360_c9375cd4bb270609575ff9ef2f7686dc-300x155.jpg 300w, https:\/\/interaudit.com.br\/wp-content\/uploads\/2022\/07\/n_52360_c9375cd4bb270609575ff9ef2f7686dc-768x397.jpg 768w, https:\/\/interaudit.com.br\/wp-content\/uploads\/2022\/07\/n_52360_c9375cd4bb270609575ff9ef2f7686dc.jpg 870w\" sizes=\"auto, (max-width: 300px) 100vw, 300px\" \/><\/div><\/a>\n\t\t\t\t<div class=\"elementor-post__badge\">Trabalho e Previd\u00eancia<\/div>\n\t\t\t\t<div class=\"elementor-post__text\">\n\t\t\t\t<h3 class=\"elementor-post__title\">\n\t\t\t<a href=\"https:\/\/interaudit.com.br\/index.php\/2022\/07\/25\/receita-federal-disponibiliza-versao-1-3-do-programa-da-dirf\/\" >\n\t\t\t\tReceita Federal disponibiliza vers\u00e3o 1.3 do programa da DIRF\t\t\t<\/a>\n\t\t<\/h3>\n\t\t\t\t<div class=\"elementor-post__excerpt\">\n\t\t\t<p>A atualiza\u00e7\u00e3o no programa da DIRF segue o o Ato Declarat\u00f3rio Executivo Cofis n\u00ba 72\/2022. A Receita Federal disponibilizou nesta<\/p>\n\t\t<\/div>\n\t\t\t\t\t<a class=\"elementor-post__read-more\" href=\"https:\/\/interaudit.com.br\/index.php\/2022\/07\/25\/receita-federal-disponibiliza-versao-1-3-do-programa-da-dirf\/\" >\n\t\t\t\tLeia mais \u00bb\t\t\t<\/a>\n\t\t\t\t<\/div>\n\t\t\t\t<div class=\"elementor-post__meta-data\">\n\t\t\t\t\t<span class=\"elementor-post-date\">\n\t\t\tjulho 25, 2022\t\t<\/span>\n\t\t\t\t<span class=\"elementor-post-avatar\">\n\t\t\tNenhum coment\u00e1rio\t\t<\/span>\n\t\t\t\t<\/div>\n\t\t\t\t\t<\/div>\n\t\t<\/article>\n\t\t\t\t<article class=\"elementor-post elementor-grid-item post-2337 post type-post status-publish format-standard has-post-thumbnail hentry category-uncategorized\">\n\t\t\t<div class=\"elementor-post__card\">\n\t\t\t\t<a class=\"elementor-post__thumbnail__link\" href=\"https:\/\/interaudit.com.br\/index.php\/2022\/07\/25\/prazo-para-inscricoes-no-eqt-2022-terminam-na-quarta-feira-27\/\" ><div class=\"elementor-post__thumbnail\"><img loading=\"lazy\" decoding=\"async\" width=\"300\" height=\"155\" src=\"https:\/\/interaudit.com.br\/wp-content\/uploads\/2022\/07\/n_52363_d57f26a810e08e04777b2d43fc7c0793-300x155.jpg\" class=\"attachment-medium size-medium\" alt=\"\" srcset=\"https:\/\/interaudit.com.br\/wp-content\/uploads\/2022\/07\/n_52363_d57f26a810e08e04777b2d43fc7c0793-300x155.jpg 300w, https:\/\/interaudit.com.br\/wp-content\/uploads\/2022\/07\/n_52363_d57f26a810e08e04777b2d43fc7c0793-768x397.jpg 768w, https:\/\/interaudit.com.br\/wp-content\/uploads\/2022\/07\/n_52363_d57f26a810e08e04777b2d43fc7c0793.jpg 870w\" sizes=\"auto, (max-width: 300px) 100vw, 300px\" \/><\/div><\/a>\n\t\t\t\t<div class=\"elementor-post__badge\">Trabalho e Previd\u00eancia<\/div>\n\t\t\t\t<div class=\"elementor-post__text\">\n\t\t\t\t<h3 class=\"elementor-post__title\">\n\t\t\t<a href=\"https:\/\/interaudit.com.br\/index.php\/2022\/07\/25\/prazo-para-inscricoes-no-eqt-2022-terminam-na-quarta-feira-27\/\" >\n\t\t\t\tPrazo para inscri\u00e7\u00f5es no EQT 2022 terminam na quarta-feira (27)\t\t\t<\/a>\n\t\t<\/h3>\n\t\t\t\t<div class=\"elementor-post__excerpt\">\n\t\t\t<p>As provas ser\u00e3o aplicadas na modalidade presencial nas 26 capitais de todos os estados brasileiros e no Distrito Federal. O<\/p>\n\t\t<\/div>\n\t\t\t\t\t<a class=\"elementor-post__read-more\" href=\"https:\/\/interaudit.com.br\/index.php\/2022\/07\/25\/prazo-para-inscricoes-no-eqt-2022-terminam-na-quarta-feira-27\/\" >\n\t\t\t\tLeia mais \u00bb\t\t\t<\/a>\n\t\t\t\t<\/div>\n\t\t\t\t<div class=\"elementor-post__meta-data\">\n\t\t\t\t\t<span class=\"elementor-post-date\">\n\t\t\tjulho 25, 2022\t\t<\/span>\n\t\t\t\t<span class=\"elementor-post-avatar\">\n\t\t\tNenhum coment\u00e1rio\t\t<\/span>\n\t\t\t\t<\/div>\n\t\t\t\t\t<\/div>\n\t\t<\/article>\n\t\t\t\t<article class=\"elementor-post elementor-grid-item post-2333 post type-post status-publish format-standard has-post-thumbnail hentry category-uncategorized\">\n\t\t\t<div class=\"elementor-post__card\">\n\t\t\t\t<a class=\"elementor-post__thumbnail__link\" href=\"https:\/\/interaudit.com.br\/index.php\/2022\/07\/25\/carteira-de-identidade-nacional-comecara-a-ser-emitida-na-proxima-semana-veja-estados\/\" ><div class=\"elementor-post__thumbnail\"><img loading=\"lazy\" decoding=\"async\" width=\"300\" height=\"155\" src=\"https:\/\/interaudit.com.br\/wp-content\/uploads\/2022\/07\/n_52364_2c8a3c1f7d62eb9e232265b29a41233d-300x155.jpg\" class=\"attachment-medium size-medium\" alt=\"\" srcset=\"https:\/\/interaudit.com.br\/wp-content\/uploads\/2022\/07\/n_52364_2c8a3c1f7d62eb9e232265b29a41233d-300x155.jpg 300w, https:\/\/interaudit.com.br\/wp-content\/uploads\/2022\/07\/n_52364_2c8a3c1f7d62eb9e232265b29a41233d-768x397.jpg 768w, https:\/\/interaudit.com.br\/wp-content\/uploads\/2022\/07\/n_52364_2c8a3c1f7d62eb9e232265b29a41233d.jpg 870w\" sizes=\"auto, (max-width: 300px) 100vw, 300px\" \/><\/div><\/a>\n\t\t\t\t<div class=\"elementor-post__badge\">Trabalho e Previd\u00eancia<\/div>\n\t\t\t\t<div class=\"elementor-post__text\">\n\t\t\t\t<h3 class=\"elementor-post__title\">\n\t\t\t<a href=\"https:\/\/interaudit.com.br\/index.php\/2022\/07\/25\/carteira-de-identidade-nacional-comecara-a-ser-emitida-na-proxima-semana-veja-estados\/\" >\n\t\t\t\tCarteira de Identidade Nacional come\u00e7ar\u00e1 a ser emitida na pr\u00f3xima semana; veja estados\t\t\t<\/a>\n\t\t<\/h3>\n\t\t\t\t<div class=\"elementor-post__excerpt\">\n\t\t\t<p>Novo documento ter\u00e1 o CPF como n\u00famero de identifica\u00e7\u00e3o geral, \u00fanico e v\u00e1lido em todo territ\u00f3rio nacional. A Receita Federal<\/p>\n\t\t<\/div>\n\t\t\t\t\t<a class=\"elementor-post__read-more\" href=\"https:\/\/interaudit.com.br\/index.php\/2022\/07\/25\/carteira-de-identidade-nacional-comecara-a-ser-emitida-na-proxima-semana-veja-estados\/\" >\n\t\t\t\tLeia mais \u00bb\t\t\t<\/a>\n\t\t\t\t<\/div>\n\t\t\t\t<div class=\"elementor-post__meta-data\">\n\t\t\t\t\t<span class=\"elementor-post-date\">\n\t\t\tjulho 25, 2022\t\t<\/span>\n\t\t\t\t<span class=\"elementor-post-avatar\">\n\t\t\tNenhum coment\u00e1rio\t\t<\/span>\n\t\t\t\t<\/div>\n\t\t\t\t\t<\/div>\n\t\t<\/article>\n\t\t\t\t<article class=\"elementor-post elementor-grid-item post-2329 post type-post status-publish format-standard has-post-thumbnail hentry category-uncategorized\">\n\t\t\t<div class=\"elementor-post__card\">\n\t\t\t\t<a class=\"elementor-post__thumbnail__link\" href=\"https:\/\/interaudit.com.br\/index.php\/2022\/07\/25\/dasn-mei-2022-mesmo-com-prazo-encerrado-ainda-e-possivel-regularizar-situacao\/\" ><div class=\"elementor-post__thumbnail\"><img loading=\"lazy\" decoding=\"async\" width=\"300\" height=\"155\" src=\"https:\/\/interaudit.com.br\/wp-content\/uploads\/2022\/07\/n_52370_a29be4ecef711e31e5680c93ee1ccc01-300x155.jpg\" class=\"attachment-medium size-medium\" alt=\"\" srcset=\"https:\/\/interaudit.com.br\/wp-content\/uploads\/2022\/07\/n_52370_a29be4ecef711e31e5680c93ee1ccc01-300x155.jpg 300w, https:\/\/interaudit.com.br\/wp-content\/uploads\/2022\/07\/n_52370_a29be4ecef711e31e5680c93ee1ccc01-768x397.jpg 768w, https:\/\/interaudit.com.br\/wp-content\/uploads\/2022\/07\/n_52370_a29be4ecef711e31e5680c93ee1ccc01.jpg 870w\" sizes=\"auto, (max-width: 300px) 100vw, 300px\" \/><\/div><\/a>\n\t\t\t\t<div class=\"elementor-post__badge\">Trabalho e Previd\u00eancia<\/div>\n\t\t\t\t<div class=\"elementor-post__text\">\n\t\t\t\t<h3 class=\"elementor-post__title\">\n\t\t\t<a href=\"https:\/\/interaudit.com.br\/index.php\/2022\/07\/25\/dasn-mei-2022-mesmo-com-prazo-encerrado-ainda-e-possivel-regularizar-situacao\/\" >\n\t\t\t\tDASN-MEI 2022: mesmo com prazo encerrado, ainda \u00e9 poss\u00edvel regularizar situa\u00e7\u00e3o\t\t\t<\/a>\n\t\t<\/h3>\n\t\t\t\t<div class=\"elementor-post__excerpt\">\n\t\t\t<p>O microempreendedor individual (MEI) ainda pode pagar a multa por atraso e regularizar a situa\u00e7\u00e3o, com desconto para acerto em<\/p>\n\t\t<\/div>\n\t\t\t\t\t<a class=\"elementor-post__read-more\" href=\"https:\/\/interaudit.com.br\/index.php\/2022\/07\/25\/dasn-mei-2022-mesmo-com-prazo-encerrado-ainda-e-possivel-regularizar-situacao\/\" >\n\t\t\t\tLeia mais \u00bb\t\t\t<\/a>\n\t\t\t\t<\/div>\n\t\t\t\t<div class=\"elementor-post__meta-data\">\n\t\t\t\t\t<span class=\"elementor-post-date\">\n\t\t\tjulho 25, 2022\t\t<\/span>\n\t\t\t\t<span class=\"elementor-post-avatar\">\n\t\t\tNenhum coment\u00e1rio\t\t<\/span>\n\t\t\t\t<\/div>\n\t\t\t\t\t<\/div>\n\t\t<\/article>\n\t\t\t\t<\/div>\n\n\n\t\t\n\t\t\t\t<\/div>\n\t\t\t\t<\/div>\n\t\t\t\t\t<\/div>\n\t\t<\/div>\n\t\t\t\t\t\t\t<\/div>\n\t\t<\/section>\n\t\t\t\t\t\t<\/div>\n\t\t\t\t\t<\/div>\n\t\t","protected":false},"excerpt":{"rendered":"<p>Boletim Informativo 4 Semana de Julho 2022 Edi\u00e7\u00e3o 0018\/2022<\/p>\n","protected":false},"author":2,"featured_media":0,"parent":0,"menu_order":0,"comment_status":"closed","ping_status":"closed","template":"","meta":{"footnotes":""},"class_list":["post-2343","page","type-page","status-publish","hentry"],"_links":{"self":[{"href":"https:\/\/interaudit.com.br\/index.php\/wp-json\/wp\/v2\/pages\/2343","targetHints":{"allow":["GET"]}}],"collection":[{"href":"https:\/\/interaudit.com.br\/index.php\/wp-json\/wp\/v2\/pages"}],"about":[{"href":"https:\/\/interaudit.com.br\/index.php\/wp-json\/wp\/v2\/types\/page"}],"author":[{"embeddable":true,"href":"https:\/\/interaudit.com.br\/index.php\/wp-json\/wp\/v2\/users\/2"}],"replies":[{"embeddable":true,"href":"https:\/\/interaudit.com.br\/index.php\/wp-json\/wp\/v2\/comments?post=2343"}],"version-history":[{"count":4,"href":"https:\/\/interaudit.com.br\/index.php\/wp-json\/wp\/v2\/pages\/2343\/revisions"}],"predecessor-version":[{"id":2347,"href":"https:\/\/interaudit.com.br\/index.php\/wp-json\/wp\/v2\/pages\/2343\/revisions\/2347"}],"wp:attachment":[{"href":"https:\/\/interaudit.com.br\/index.php\/wp-json\/wp\/v2\/media?parent=2343"}],"curies":[{"name":"wp","href":"https:\/\/api.w.org\/{rel}","templated":true}]}}