{"id":1653,"date":"2021-11-16T12:04:08","date_gmt":"2021-11-16T12:04:08","guid":{"rendered":"https:\/\/interaudit.com.br\/?page_id=1653"},"modified":"2021-11-16T12:06:01","modified_gmt":"2021-11-16T12:06:01","slug":"elementor-1653","status":"publish","type":"page","link":"https:\/\/interaudit.com.br\/index.php\/elementor-1653\/","title":{"rendered":"Boletim Informativo 2 semana de Novembro"},"content":{"rendered":"\t\t<div data-elementor-type=\"wp-page\" data-elementor-id=\"1653\" class=\"elementor elementor-1653\" data-elementor-settings=\"[]\">\n\t\t\t\t\t\t\t<div class=\"elementor-section-wrap\">\n\t\t\t\t\t\t\t<section class=\"elementor-section elementor-top-section elementor-element elementor-element-74244c1 elementor-section-boxed elementor-section-height-default elementor-section-height-default\" data-id=\"74244c1\" data-element_type=\"section\">\n\t\t\t\t\t\t<div class=\"elementor-container elementor-column-gap-default\">\n\t\t\t\t\t<div class=\"elementor-column elementor-col-100 elementor-top-column elementor-element elementor-element-11587e7f\" data-id=\"11587e7f\" data-element_type=\"column\">\n\t\t\t<div class=\"elementor-widget-wrap elementor-element-populated\">\n\t\t\t\t\t\t\t\t<section class=\"elementor-section elementor-inner-section elementor-element elementor-element-6bba1abd elementor-section-boxed elementor-section-height-default elementor-section-height-default\" data-id=\"6bba1abd\" data-element_type=\"section\">\n\t\t\t\t\t\t<div class=\"elementor-container elementor-column-gap-default\">\n\t\t\t\t\t<div class=\"elementor-column elementor-col-50 elementor-inner-column elementor-element elementor-element-5ec76b60\" data-id=\"5ec76b60\" data-element_type=\"column\">\n\t\t\t<div class=\"elementor-widget-wrap elementor-element-populated\">\n\t\t\t\t\t\t\t\t<div class=\"elementor-element elementor-element-785ff777 elementor-widget elementor-widget-image\" data-id=\"785ff777\" data-element_type=\"widget\" data-widget_type=\"image.default\">\n\t\t\t\t<div class=\"elementor-widget-container\">\n\t\t\t\t\t\t\t\t\t\t\t\t\t\t\t<img loading=\"lazy\" decoding=\"async\" width=\"664\" height=\"120\" src=\"https:\/\/interaudit.com.br\/wp-content\/uploads\/2021\/04\/logo-horizontal.jpg\" class=\"attachment-large size-large\" alt=\"\" srcset=\"https:\/\/interaudit.com.br\/wp-content\/uploads\/2021\/04\/logo-horizontal.jpg 664w, https:\/\/interaudit.com.br\/wp-content\/uploads\/2021\/04\/logo-horizontal-300x54.jpg 300w\" sizes=\"auto, (max-width: 664px) 100vw, 664px\" \/>\t\t\t\t\t\t\t\t\t\t\t\t\t\t\t<\/div>\n\t\t\t\t<\/div>\n\t\t\t\t\t<\/div>\n\t\t<\/div>\n\t\t\t\t<div class=\"elementor-column elementor-col-50 elementor-inner-column elementor-element elementor-element-5cf757ac\" data-id=\"5cf757ac\" data-element_type=\"column\">\n\t\t\t<div class=\"elementor-widget-wrap elementor-element-populated\">\n\t\t\t\t\t\t\t\t<div class=\"elementor-element elementor-element-7a47e54d elementor-view-default elementor-widget elementor-widget-icon\" data-id=\"7a47e54d\" data-element_type=\"widget\" data-widget_type=\"icon.default\">\n\t\t\t\t<div class=\"elementor-widget-container\">\n\t\t\t\t\t<div class=\"elementor-icon-wrapper\">\n\t\t\t<a class=\"elementor-icon\" href=\"https:\/\/instagram.com\/interaudit_contabil?utm_medium=copy_link\" target=\"_blank\">\n\t\t\t<i aria-hidden=\"true\" class=\"fab fa-instagram\"><\/i>\t\t\t<\/a>\n\t\t<\/div>\n\t\t\t\t<\/div>\n\t\t\t\t<\/div>\n\t\t\t\t\t<\/div>\n\t\t<\/div>\n\t\t\t\t\t\t\t<\/div>\n\t\t<\/section>\n\t\t\t\t\t<\/div>\n\t\t<\/div>\n\t\t\t\t\t\t\t<\/div>\n\t\t<\/section>\n\t\t\t\t<section class=\"elementor-section elementor-top-section elementor-element elementor-element-43938e79 elementor-section-boxed elementor-section-height-default elementor-section-height-default\" data-id=\"43938e79\" data-element_type=\"section\" data-settings=\"{&quot;background_background&quot;:&quot;classic&quot;}\">\n\t\t\t\t\t\t<div class=\"elementor-container elementor-column-gap-default\">\n\t\t\t\t\t<div class=\"elementor-column elementor-col-100 elementor-top-column elementor-element elementor-element-16b2ee3b\" data-id=\"16b2ee3b\" data-element_type=\"column\" data-settings=\"{&quot;background_background&quot;:&quot;classic&quot;}\">\n\t\t\t<div class=\"elementor-widget-wrap elementor-element-populated\">\n\t\t\t\t\t\t\t\t<section class=\"elementor-section elementor-inner-section elementor-element elementor-element-7212320b elementor-section-boxed elementor-section-height-default elementor-section-height-default\" data-id=\"7212320b\" data-element_type=\"section\">\n\t\t\t\t\t\t<div class=\"elementor-container elementor-column-gap-default\">\n\t\t\t\t\t<div class=\"elementor-column elementor-col-50 elementor-inner-column elementor-element elementor-element-48d3b756\" data-id=\"48d3b756\" data-element_type=\"column\">\n\t\t\t<div class=\"elementor-widget-wrap elementor-element-populated\">\n\t\t\t\t\t\t\t\t<div class=\"elementor-element elementor-element-44eff8f9 elementor-widget elementor-widget-heading\" data-id=\"44eff8f9\" data-element_type=\"widget\" data-widget_type=\"heading.default\">\n\t\t\t\t<div class=\"elementor-widget-container\">\n\t\t\t<h2 class=\"elementor-heading-title elementor-size-default\">Boletim Informativo 2 Semana de Novembro 2021<\/h2>\t\t<\/div>\n\t\t\t\t<\/div>\n\t\t\t\t\t<\/div>\n\t\t<\/div>\n\t\t\t\t<div class=\"elementor-column elementor-col-50 elementor-inner-column elementor-element elementor-element-311ef41e\" data-id=\"311ef41e\" data-element_type=\"column\">\n\t\t\t<div class=\"elementor-widget-wrap elementor-element-populated\">\n\t\t\t\t\t\t\t\t<div class=\"elementor-element elementor-element-7bb2a2ba elementor-widget elementor-widget-heading\" data-id=\"7bb2a2ba\" data-element_type=\"widget\" data-widget_type=\"heading.default\">\n\t\t\t\t<div class=\"elementor-widget-container\">\n\t\t\t<h2 class=\"elementor-heading-title elementor-size-default\">Edi\u00e7\u00e3o 0018\/2021<\/h2>\t\t<\/div>\n\t\t\t\t<\/div>\n\t\t\t\t\t<\/div>\n\t\t<\/div>\n\t\t\t\t\t\t\t<\/div>\n\t\t<\/section>\n\t\t\t\t\t<\/div>\n\t\t<\/div>\n\t\t\t\t\t\t\t<\/div>\n\t\t<\/section>\n\t\t\t\t<section class=\"elementor-section elementor-top-section elementor-element elementor-element-51350d0 elementor-section-boxed elementor-section-height-default elementor-section-height-default\" data-id=\"51350d0\" data-element_type=\"section\">\n\t\t\t\t\t\t<div class=\"elementor-container elementor-column-gap-default\">\n\t\t\t\t\t<div class=\"elementor-column elementor-col-100 elementor-top-column elementor-element elementor-element-514f979c\" data-id=\"514f979c\" data-element_type=\"column\" data-settings=\"{&quot;background_background&quot;:&quot;classic&quot;}\">\n\t\t\t<div class=\"elementor-widget-wrap elementor-element-populated\">\n\t\t\t\t\t\t\t\t<div class=\"elementor-element elementor-element-3509fb01 elementor-grid-2 elementor-grid-tablet-2 elementor-grid-mobile-1 elementor-posts--thumbnail-top elementor-card-shadow-yes elementor-posts__hover-gradient elementor-widget elementor-widget-posts\" data-id=\"3509fb01\" data-element_type=\"widget\" data-settings=\"{&quot;cards_columns&quot;:&quot;2&quot;,&quot;cards_columns_tablet&quot;:&quot;2&quot;,&quot;cards_columns_mobile&quot;:&quot;1&quot;,&quot;cards_row_gap&quot;:{&quot;unit&quot;:&quot;px&quot;,&quot;size&quot;:35,&quot;sizes&quot;:[]},&quot;cards_row_gap_tablet&quot;:{&quot;unit&quot;:&quot;px&quot;,&quot;size&quot;:&quot;&quot;,&quot;sizes&quot;:[]},&quot;cards_row_gap_mobile&quot;:{&quot;unit&quot;:&quot;px&quot;,&quot;size&quot;:&quot;&quot;,&quot;sizes&quot;:[]}}\" data-widget_type=\"posts.cards\">\n\t\t\t\t<div class=\"elementor-widget-container\">\n\t\t\t\t\t<div class=\"elementor-posts-container elementor-posts elementor-posts--skin-cards elementor-grid\">\n\t\t\t\t<article class=\"elementor-post elementor-grid-item post-1650 post type-post status-publish format-standard has-post-thumbnail hentry category-uncategorized\">\n\t\t\t<div class=\"elementor-post__card\">\n\t\t\t\t<a class=\"elementor-post__thumbnail__link\" href=\"https:\/\/interaudit.com.br\/index.php\/2021\/11\/16\/desoneracao-da-folha-sera-prorrogada-por-mais-dois-anos\/\" ><div class=\"elementor-post__thumbnail\"><img loading=\"lazy\" decoding=\"async\" width=\"300\" height=\"155\" src=\"https:\/\/interaudit.com.br\/wp-content\/uploads\/2021\/11\/n_49419_b8a21be2bf50bad0b9dbfc9d5f753417-300x155.jpg\" class=\"attachment-medium size-medium\" alt=\"\" srcset=\"https:\/\/interaudit.com.br\/wp-content\/uploads\/2021\/11\/n_49419_b8a21be2bf50bad0b9dbfc9d5f753417-300x155.jpg 300w, https:\/\/interaudit.com.br\/wp-content\/uploads\/2021\/11\/n_49419_b8a21be2bf50bad0b9dbfc9d5f753417-768x397.jpg 768w, https:\/\/interaudit.com.br\/wp-content\/uploads\/2021\/11\/n_49419_b8a21be2bf50bad0b9dbfc9d5f753417.jpg 870w\" sizes=\"auto, (max-width: 300px) 100vw, 300px\" \/><\/div><\/a>\n\t\t\t\t<div class=\"elementor-post__badge\">Trabalho e Previd\u00eancia<\/div>\n\t\t\t\t<div class=\"elementor-post__text\">\n\t\t\t\t<h3 class=\"elementor-post__title\">\n\t\t\t<a href=\"https:\/\/interaudit.com.br\/index.php\/2021\/11\/16\/desoneracao-da-folha-sera-prorrogada-por-mais-dois-anos\/\" >\n\t\t\t\tDesonera\u00e7\u00e3o da folha ser\u00e1 prorrogada por mais dois anos\t\t\t<\/a>\n\t\t<\/h3>\n\t\t\t\t<div class=\"elementor-post__excerpt\">\n\t\t\t<p>O presidente Jair Bolsonaro afirmou que o Governo ir\u00e1 prorrogar a desonera\u00e7\u00e3o da folha de pagamentos ao considerar a manuten\u00e7\u00e3o<\/p>\n\t\t<\/div>\n\t\t\t\t\t<a class=\"elementor-post__read-more\" href=\"https:\/\/interaudit.com.br\/index.php\/2021\/11\/16\/desoneracao-da-folha-sera-prorrogada-por-mais-dois-anos\/\" >\n\t\t\t\tLeia mais \u00bb\t\t\t<\/a>\n\t\t\t\t<\/div>\n\t\t\t\t<div class=\"elementor-post__meta-data\">\n\t\t\t\t\t<span class=\"elementor-post-date\">\n\t\t\tnovembro 16, 2021\t\t<\/span>\n\t\t\t\t<span class=\"elementor-post-avatar\">\n\t\t\tNenhum coment\u00e1rio\t\t<\/span>\n\t\t\t\t<\/div>\n\t\t\t\t\t<\/div>\n\t\t<\/article>\n\t\t\t\t<article class=\"elementor-post elementor-grid-item post-1646 post type-post status-publish format-standard has-post-thumbnail hentry category-uncategorized\">\n\t\t\t<div class=\"elementor-post__card\">\n\t\t\t\t<a class=\"elementor-post__thumbnail__link\" href=\"https:\/\/interaudit.com.br\/index.php\/2021\/11\/16\/retomada-bares-e-restaurantes-comemoram-faturamento-mas-dividas-e-alta-dos-custos-ainda-seguram-setor\/\" ><div class=\"elementor-post__thumbnail\"><img loading=\"lazy\" decoding=\"async\" width=\"300\" height=\"155\" src=\"https:\/\/interaudit.com.br\/wp-content\/uploads\/2021\/11\/n_49428_1859ee4fdd7706ace146e9421f9ee76e-300x155.jpg\" class=\"attachment-medium size-medium\" alt=\"\" srcset=\"https:\/\/interaudit.com.br\/wp-content\/uploads\/2021\/11\/n_49428_1859ee4fdd7706ace146e9421f9ee76e-300x155.jpg 300w, https:\/\/interaudit.com.br\/wp-content\/uploads\/2021\/11\/n_49428_1859ee4fdd7706ace146e9421f9ee76e-768x397.jpg 768w, https:\/\/interaudit.com.br\/wp-content\/uploads\/2021\/11\/n_49428_1859ee4fdd7706ace146e9421f9ee76e.jpg 870w\" sizes=\"auto, (max-width: 300px) 100vw, 300px\" \/><\/div><\/a>\n\t\t\t\t<div class=\"elementor-post__badge\">Trabalho e Previd\u00eancia<\/div>\n\t\t\t\t<div class=\"elementor-post__text\">\n\t\t\t\t<h3 class=\"elementor-post__title\">\n\t\t\t<a href=\"https:\/\/interaudit.com.br\/index.php\/2021\/11\/16\/retomada-bares-e-restaurantes-comemoram-faturamento-mas-dividas-e-alta-dos-custos-ainda-seguram-setor\/\" >\n\t\t\t\tRetomada: bares e restaurantes comemoram faturamento, mas d\u00edvidas e alta dos custos ainda seguram setor\t\t\t<\/a>\n\t\t<\/h3>\n\t\t\t\t<div class=\"elementor-post__excerpt\">\n\t\t\t<p>Apesar do fim das restri\u00e7\u00f5es e volta do movimento, a pesquisa nacional da Abrasel mostra que um ter\u00e7o dos estabelecimentos<\/p>\n\t\t<\/div>\n\t\t\t\t\t<a class=\"elementor-post__read-more\" href=\"https:\/\/interaudit.com.br\/index.php\/2021\/11\/16\/retomada-bares-e-restaurantes-comemoram-faturamento-mas-dividas-e-alta-dos-custos-ainda-seguram-setor\/\" >\n\t\t\t\tLeia mais \u00bb\t\t\t<\/a>\n\t\t\t\t<\/div>\n\t\t\t\t<div class=\"elementor-post__meta-data\">\n\t\t\t\t\t<span class=\"elementor-post-date\">\n\t\t\tnovembro 16, 2021\t\t<\/span>\n\t\t\t\t<span class=\"elementor-post-avatar\">\n\t\t\tNenhum coment\u00e1rio\t\t<\/span>\n\t\t\t\t<\/div>\n\t\t\t\t\t<\/div>\n\t\t<\/article>\n\t\t\t\t<article class=\"elementor-post elementor-grid-item post-1643 post type-post status-publish format-standard has-post-thumbnail hentry category-uncategorized\">\n\t\t\t<div class=\"elementor-post__card\">\n\t\t\t\t<a class=\"elementor-post__thumbnail__link\" href=\"https:\/\/interaudit.com.br\/index.php\/2021\/11\/16\/brasil-ocupa-o-3o-lugar-entre-os-paises-com-as-piores-inflacoes-do-mundo\/\" ><div class=\"elementor-post__thumbnail\"><img loading=\"lazy\" decoding=\"async\" width=\"300\" height=\"155\" src=\"https:\/\/interaudit.com.br\/wp-content\/uploads\/2021\/11\/n_49424_1a7064c205020fd7fd50a987624d2031-300x155.jpg\" class=\"attachment-medium size-medium\" alt=\"\" srcset=\"https:\/\/interaudit.com.br\/wp-content\/uploads\/2021\/11\/n_49424_1a7064c205020fd7fd50a987624d2031-300x155.jpg 300w, https:\/\/interaudit.com.br\/wp-content\/uploads\/2021\/11\/n_49424_1a7064c205020fd7fd50a987624d2031-768x397.jpg 768w, https:\/\/interaudit.com.br\/wp-content\/uploads\/2021\/11\/n_49424_1a7064c205020fd7fd50a987624d2031.jpg 870w\" sizes=\"auto, (max-width: 300px) 100vw, 300px\" \/><\/div><\/a>\n\t\t\t\t<div class=\"elementor-post__badge\">Trabalho e Previd\u00eancia<\/div>\n\t\t\t\t<div class=\"elementor-post__text\">\n\t\t\t\t<h3 class=\"elementor-post__title\">\n\t\t\t<a href=\"https:\/\/interaudit.com.br\/index.php\/2021\/11\/16\/brasil-ocupa-o-3o-lugar-entre-os-paises-com-as-piores-inflacoes-do-mundo\/\" >\n\t\t\t\tBrasil ocupa o 3\u00ba lugar entre os pa\u00edses com as piores infla\u00e7\u00f5es do mundo\t\t\t<\/a>\n\t\t<\/h3>\n\t\t\t\t<div class=\"elementor-post__excerpt\">\n\t\t\t<p>Incertezas fiscais e alta do d\u00f3lar influenciam diretamente no aumento dos produtos consumidos no pa\u00eds. Quando o brasileiro vai ao<\/p>\n\t\t<\/div>\n\t\t\t\t\t<a class=\"elementor-post__read-more\" href=\"https:\/\/interaudit.com.br\/index.php\/2021\/11\/16\/brasil-ocupa-o-3o-lugar-entre-os-paises-com-as-piores-inflacoes-do-mundo\/\" >\n\t\t\t\tLeia mais \u00bb\t\t\t<\/a>\n\t\t\t\t<\/div>\n\t\t\t\t<div class=\"elementor-post__meta-data\">\n\t\t\t\t\t<span class=\"elementor-post-date\">\n\t\t\tnovembro 16, 2021\t\t<\/span>\n\t\t\t\t<span class=\"elementor-post-avatar\">\n\t\t\tNenhum coment\u00e1rio\t\t<\/span>\n\t\t\t\t<\/div>\n\t\t\t\t\t<\/div>\n\t\t<\/article>\n\t\t\t\t<article class=\"elementor-post elementor-grid-item post-1640 post type-post status-publish format-standard has-post-thumbnail hentry category-uncategorized\">\n\t\t\t<div class=\"elementor-post__card\">\n\t\t\t\t<a class=\"elementor-post__thumbnail__link\" href=\"https:\/\/interaudit.com.br\/index.php\/2021\/11\/16\/pedidos-de-recuperacao-judicial-recuaram-338-no-ultimo-trimestre\/\" ><div class=\"elementor-post__thumbnail\"><img loading=\"lazy\" decoding=\"async\" width=\"300\" height=\"155\" src=\"https:\/\/interaudit.com.br\/wp-content\/uploads\/2021\/11\/n_49425_53c75bc5cf4bcc14b9f9401dadd93f37-300x155.jpg\" class=\"attachment-medium size-medium\" alt=\"\" srcset=\"https:\/\/interaudit.com.br\/wp-content\/uploads\/2021\/11\/n_49425_53c75bc5cf4bcc14b9f9401dadd93f37-300x155.jpg 300w, https:\/\/interaudit.com.br\/wp-content\/uploads\/2021\/11\/n_49425_53c75bc5cf4bcc14b9f9401dadd93f37-768x397.jpg 768w, https:\/\/interaudit.com.br\/wp-content\/uploads\/2021\/11\/n_49425_53c75bc5cf4bcc14b9f9401dadd93f37.jpg 870w\" sizes=\"auto, (max-width: 300px) 100vw, 300px\" \/><\/div><\/a>\n\t\t\t\t<div class=\"elementor-post__badge\">Trabalho e Previd\u00eancia<\/div>\n\t\t\t\t<div class=\"elementor-post__text\">\n\t\t\t\t<h3 class=\"elementor-post__title\">\n\t\t\t<a href=\"https:\/\/interaudit.com.br\/index.php\/2021\/11\/16\/pedidos-de-recuperacao-judicial-recuaram-338-no-ultimo-trimestre\/\" >\n\t\t\t\tPedidos de recupera\u00e7\u00e3o judicial recuaram 33,8% no \u00faltimo trimestre\t\t\t<\/a>\n\t\t<\/h3>\n\t\t\t\t<div class=\"elementor-post__excerpt\">\n\t\t\t<p>O indicativo foi levantado pela bureau de cr\u00e9dito Boa Vista que teve como base os registros do Servi\u00e7o Central de<\/p>\n\t\t<\/div>\n\t\t\t\t\t<a class=\"elementor-post__read-more\" href=\"https:\/\/interaudit.com.br\/index.php\/2021\/11\/16\/pedidos-de-recuperacao-judicial-recuaram-338-no-ultimo-trimestre\/\" >\n\t\t\t\tLeia mais \u00bb\t\t\t<\/a>\n\t\t\t\t<\/div>\n\t\t\t\t<div class=\"elementor-post__meta-data\">\n\t\t\t\t\t<span class=\"elementor-post-date\">\n\t\t\tnovembro 16, 2021\t\t<\/span>\n\t\t\t\t<span class=\"elementor-post-avatar\">\n\t\t\tNenhum coment\u00e1rio\t\t<\/span>\n\t\t\t\t<\/div>\n\t\t\t\t\t<\/div>\n\t\t<\/article>\n\t\t\t\t<\/div>\n\n\n\t\t\n\t\t\t\t<\/div>\n\t\t\t\t<\/div>\n\t\t\t\t\t<\/div>\n\t\t<\/div>\n\t\t\t\t\t\t\t<\/div>\n\t\t<\/section>\n\t\t\t\t\t\t<\/div>\n\t\t\t\t\t<\/div>\n\t\t","protected":false},"excerpt":{"rendered":"<p>Boletim Informativo 2 Semana de Novembro 2021 Edi\u00e7\u00e3o 0018\/2021<\/p>\n","protected":false},"author":2,"featured_media":0,"parent":0,"menu_order":0,"comment_status":"closed","ping_status":"closed","template":"","meta":{"footnotes":""},"class_list":["post-1653","page","type-page","status-publish","hentry"],"_links":{"self":[{"href":"https:\/\/interaudit.com.br\/index.php\/wp-json\/wp\/v2\/pages\/1653","targetHints":{"allow":["GET"]}}],"collection":[{"href":"https:\/\/interaudit.com.br\/index.php\/wp-json\/wp\/v2\/pages"}],"about":[{"href":"https:\/\/interaudit.com.br\/index.php\/wp-json\/wp\/v2\/types\/page"}],"author":[{"embeddable":true,"href":"https:\/\/interaudit.com.br\/index.php\/wp-json\/wp\/v2\/users\/2"}],"replies":[{"embeddable":true,"href":"https:\/\/interaudit.com.br\/index.php\/wp-json\/wp\/v2\/comments?post=1653"}],"version-history":[{"count":5,"href":"https:\/\/interaudit.com.br\/index.php\/wp-json\/wp\/v2\/pages\/1653\/revisions"}],"predecessor-version":[{"id":1658,"href":"https:\/\/interaudit.com.br\/index.php\/wp-json\/wp\/v2\/pages\/1653\/revisions\/1658"}],"wp:attachment":[{"href":"https:\/\/interaudit.com.br\/index.php\/wp-json\/wp\/v2\/media?parent=1653"}],"curies":[{"name":"wp","href":"https:\/\/api.w.org\/{rel}","templated":true}]}}